{"id":12683,"date":"2017-11-14T12:36:46","date_gmt":"2017-11-14T11:36:46","guid":{"rendered":"http:\/\/vyvoj.streetpark.eu.server.atlatest.cz\/products\/"},"modified":"2020-01-29T13:10:14","modified_gmt":"2020-01-29T12:10:14","slug":"proizvodi","status":"publish","type":"page","link":"https:\/\/www.streetpark.eu\/sl\/proizvodi\/","title":{"rendered":"Proizvodi"},"content":{"rendered":"<p>Prizadevamo si dose\u010di, da bi na\u0161i proizvodi kultivirali javni prostor. Ne ustvarjamo najnovej\u0161ih modnih muh, ustvarjamo premi\u0161ljene re\u0161itve, primerne za skoraj vsako lokacijo. Ne \u017eelimo nuditi cenene ekstravagance. Izdelujemo brez\u010dasne proizvode, ki lahko nagovorijo uporabnika danes ali pa \u010dez leta. Trudimo se, da strankam zagotovimo dolgotrajno uporabnost na\u0161ih proizvodov.<\/p>\n","protected":false},"excerpt":{"rendered":"<p>Prizadevamo si dose\u010di, da bi na\u0161i proizvodi kultivirali javni prostor. Ne ustvarjamo najnovej\u0161ih modnih muh, ustvarjamo premi\u0161ljene re\u0161itve, primerne za skoraj vsako lokacijo. Ne \u017eelimo nuditi cenene ekstravagance. Izdelujemo brez\u010dasne proizvode, ki lahko nagovorijo uporabnika danes ali pa \u010dez leta. &hellip; <a href=\"https:\/\/www.streetpark.eu\/sl\/proizvodi\/\">Continued<\/a><\/p>\n","protected":false},"author":6,"featured_media":0,"parent":0,"menu_order":0,"comment_status":"closed","ping_status":"closed","template":"templates\/products.php","meta":{"_acf_changed":false,"footnotes":""},"class_list":["post-12683","page","type-page","status-publish","hentry"],"acf":[],"yoast_head":"<!-- This site is optimized with the Yoast SEO plugin v26.9 - https:\/\/yoast.com\/product\/yoast-seo-wordpress\/ -->\n<title>Proizvodi - M\u011bstsk\u00fd mobili\u00e1\u0159 STREETPARK<\/title>\n<meta name=\"robots\" content=\"index, follow, max-snippet:-1, max-image-preview:large, max-video-preview:-1\" \/>\n<link rel=\"canonical\" href=\"https:\/\/www.streetpark.eu\/sl\/proizvodi\/\" \/>\n<meta property=\"og:locale\" content=\"sl_SI\" \/>\n<meta property=\"og:type\" content=\"article\" \/>\n<meta property=\"og:title\" content=\"Proizvodi - M\u011bstsk\u00fd mobili\u00e1\u0159 STREETPARK\" \/>\n<meta property=\"og:description\" content=\"Prizadevamo si dose\u010di, da bi na\u0161i proizvodi kultivirali javni prostor. Ne ustvarjamo najnovej\u0161ih modnih muh, ustvarjamo premi\u0161ljene re\u0161itve, primerne za skoraj vsako lokacijo. Ne \u017eelimo nuditi cenene ekstravagance. Izdelujemo brez\u010dasne proizvode, ki lahko nagovorijo uporabnika danes ali pa \u010dez leta. &hellip; Continued\" \/>\n<meta property=\"og:url\" content=\"https:\/\/www.streetpark.eu\/sl\/proizvodi\/\" \/>\n<meta property=\"og:site_name\" content=\"M\u011bstsk\u00fd mobili\u00e1\u0159 STREETPARK\" \/>\n<meta property=\"article:publisher\" content=\"https:\/\/www.facebook.com\/streetpark.eu\" \/>\n<meta property=\"article:modified_time\" content=\"2020-01-29T12:10:14+00:00\" \/>\n<meta name=\"twitter:card\" content=\"summary_large_image\" \/>\n<script type=\"application\/ld+json\" class=\"yoast-schema-graph\">{\"@context\":\"https:\/\/schema.org\",\"@graph\":[{\"@type\":\"WebPage\",\"@id\":\"https:\/\/www.streetpark.eu\/sl\/proizvodi\/\",\"url\":\"https:\/\/www.streetpark.eu\/sl\/proizvodi\/\",\"name\":\"Proizvodi - M\u011bstsk\u00fd mobili\u00e1\u0159 STREETPARK\",\"isPartOf\":{\"@id\":\"https:\/\/www.streetpark.eu\/sl\/#website\"},\"datePublished\":\"2017-11-14T11:36:46+00:00\",\"dateModified\":\"2020-01-29T12:10:14+00:00\",\"breadcrumb\":{\"@id\":\"https:\/\/www.streetpark.eu\/sl\/proizvodi\/#breadcrumb\"},\"inLanguage\":\"sl-SI\",\"potentialAction\":[{\"@type\":\"ReadAction\",\"target\":[\"https:\/\/www.streetpark.eu\/sl\/proizvodi\/\"]}]},{\"@type\":\"BreadcrumbList\",\"@id\":\"https:\/\/www.streetpark.eu\/sl\/proizvodi\/#breadcrumb\",\"itemListElement\":[{\"@type\":\"ListItem\",\"position\":1,\"name\":\"Dom\u016f\",\"item\":\"https:\/\/www.streetpark.eu\/sl\/\"},{\"@type\":\"ListItem\",\"position\":2,\"name\":\"Proizvodi\"}]},{\"@type\":\"WebSite\",\"@id\":\"https:\/\/www.streetpark.eu\/sl\/#website\",\"url\":\"https:\/\/www.streetpark.eu\/sl\/\",\"name\":\"M\u011bstsk\u00fd mobili\u00e1\u0159 STREETPARK\",\"description\":\"STREETPARK jsou designov\u00e9 v\u00fdrobky, kter\u00e9 probud\u00ed va\u0161e city.\",\"publisher\":{\"@id\":\"https:\/\/www.streetpark.eu\/sl\/#organization\"},\"potentialAction\":[{\"@type\":\"SearchAction\",\"target\":{\"@type\":\"EntryPoint\",\"urlTemplate\":\"https:\/\/www.streetpark.eu\/sl\/?s={search_term_string}\"},\"query-input\":{\"@type\":\"PropertyValueSpecification\",\"valueRequired\":true,\"valueName\":\"search_term_string\"}}],\"inLanguage\":\"sl-SI\"},{\"@type\":\"Organization\",\"@id\":\"https:\/\/www.streetpark.eu\/sl\/#organization\",\"name\":\"M\u011bstsk\u00fd mobili\u00e1\u0159 STREETPARK\",\"url\":\"https:\/\/www.streetpark.eu\/sl\/\",\"logo\":{\"@type\":\"ImageObject\",\"inLanguage\":\"sl-SI\",\"@id\":\"https:\/\/www.streetpark.eu\/sl\/#\/schema\/logo\/image\/\",\"url\":\"https:\/\/www.streetpark.eu\/wp-content\/uploads\/2022\/10\/STREETPARK_zakladni-varianta_ochr.zona.png\",\"contentUrl\":\"https:\/\/www.streetpark.eu\/wp-content\/uploads\/2022\/10\/STREETPARK_zakladni-varianta_ochr.zona.png\",\"width\":1906,\"height\":575,\"caption\":\"M\u011bstsk\u00fd mobili\u00e1\u0159 STREETPARK\"},\"image\":{\"@id\":\"https:\/\/www.streetpark.eu\/sl\/#\/schema\/logo\/image\/\"},\"sameAs\":[\"https:\/\/www.facebook.com\/streetpark.eu\",\"https:\/\/www.instagram.com\/streetpark.eu\/\",\"https:\/\/www.linkedin.com\/company\/streetpark\",\"https:\/\/cz.pinterest.com\/streetparkurbanfurniture\/\"]}]}<\/script>\n<!-- \/ Yoast SEO plugin. -->","yoast_head_json":{"title":"Proizvodi - M\u011bstsk\u00fd mobili\u00e1\u0159 STREETPARK","robots":{"index":"index","follow":"follow","max-snippet":"max-snippet:-1","max-image-preview":"max-image-preview:large","max-video-preview":"max-video-preview:-1"},"canonical":"https:\/\/www.streetpark.eu\/sl\/proizvodi\/","og_locale":"sl_SI","og_type":"article","og_title":"Proizvodi - M\u011bstsk\u00fd mobili\u00e1\u0159 STREETPARK","og_description":"Prizadevamo si dose\u010di, da bi na\u0161i proizvodi kultivirali javni prostor. Ne ustvarjamo najnovej\u0161ih modnih muh, ustvarjamo premi\u0161ljene re\u0161itve, primerne za skoraj vsako lokacijo. Ne \u017eelimo nuditi cenene ekstravagance. Izdelujemo brez\u010dasne proizvode, ki lahko nagovorijo uporabnika danes ali pa \u010dez leta. &hellip; Continued","og_url":"https:\/\/www.streetpark.eu\/sl\/proizvodi\/","og_site_name":"M\u011bstsk\u00fd mobili\u00e1\u0159 STREETPARK","article_publisher":"https:\/\/www.facebook.com\/streetpark.eu","article_modified_time":"2020-01-29T12:10:14+00:00","twitter_card":"summary_large_image","schema":{"@context":"https:\/\/schema.org","@graph":[{"@type":"WebPage","@id":"https:\/\/www.streetpark.eu\/sl\/proizvodi\/","url":"https:\/\/www.streetpark.eu\/sl\/proizvodi\/","name":"Proizvodi - M\u011bstsk\u00fd mobili\u00e1\u0159 STREETPARK","isPartOf":{"@id":"https:\/\/www.streetpark.eu\/sl\/#website"},"datePublished":"2017-11-14T11:36:46+00:00","dateModified":"2020-01-29T12:10:14+00:00","breadcrumb":{"@id":"https:\/\/www.streetpark.eu\/sl\/proizvodi\/#breadcrumb"},"inLanguage":"sl-SI","potentialAction":[{"@type":"ReadAction","target":["https:\/\/www.streetpark.eu\/sl\/proizvodi\/"]}]},{"@type":"BreadcrumbList","@id":"https:\/\/www.streetpark.eu\/sl\/proizvodi\/#breadcrumb","itemListElement":[{"@type":"ListItem","position":1,"name":"Dom\u016f","item":"https:\/\/www.streetpark.eu\/sl\/"},{"@type":"ListItem","position":2,"name":"Proizvodi"}]},{"@type":"WebSite","@id":"https:\/\/www.streetpark.eu\/sl\/#website","url":"https:\/\/www.streetpark.eu\/sl\/","name":"M\u011bstsk\u00fd mobili\u00e1\u0159 STREETPARK","description":"STREETPARK jsou designov\u00e9 v\u00fdrobky, kter\u00e9 probud\u00ed va\u0161e city.","publisher":{"@id":"https:\/\/www.streetpark.eu\/sl\/#organization"},"potentialAction":[{"@type":"SearchAction","target":{"@type":"EntryPoint","urlTemplate":"https:\/\/www.streetpark.eu\/sl\/?s={search_term_string}"},"query-input":{"@type":"PropertyValueSpecification","valueRequired":true,"valueName":"search_term_string"}}],"inLanguage":"sl-SI"},{"@type":"Organization","@id":"https:\/\/www.streetpark.eu\/sl\/#organization","name":"M\u011bstsk\u00fd mobili\u00e1\u0159 STREETPARK","url":"https:\/\/www.streetpark.eu\/sl\/","logo":{"@type":"ImageObject","inLanguage":"sl-SI","@id":"https:\/\/www.streetpark.eu\/sl\/#\/schema\/logo\/image\/","url":"https:\/\/www.streetpark.eu\/wp-content\/uploads\/2022\/10\/STREETPARK_zakladni-varianta_ochr.zona.png","contentUrl":"https:\/\/www.streetpark.eu\/wp-content\/uploads\/2022\/10\/STREETPARK_zakladni-varianta_ochr.zona.png","width":1906,"height":575,"caption":"M\u011bstsk\u00fd mobili\u00e1\u0159 STREETPARK"},"image":{"@id":"https:\/\/www.streetpark.eu\/sl\/#\/schema\/logo\/image\/"},"sameAs":["https:\/\/www.facebook.com\/streetpark.eu","https:\/\/www.instagram.com\/streetpark.eu\/","https:\/\/www.linkedin.com\/company\/streetpark","https:\/\/cz.pinterest.com\/streetparkurbanfurniture\/"]}]}},"_links":{"self":[{"href":"https:\/\/www.streetpark.eu\/sl\/wp-json\/wp\/v2\/pages\/12683","targetHints":{"allow":["GET"]}}],"collection":[{"href":"https:\/\/www.streetpark.eu\/sl\/wp-json\/wp\/v2\/pages"}],"about":[{"href":"https:\/\/www.streetpark.eu\/sl\/wp-json\/wp\/v2\/types\/page"}],"author":[{"embeddable":true,"href":"https:\/\/www.streetpark.eu\/sl\/wp-json\/wp\/v2\/users\/6"}],"replies":[{"embeddable":true,"href":"https:\/\/www.streetpark.eu\/sl\/wp-json\/wp\/v2\/comments?post=12683"}],"version-history":[{"count":2,"href":"https:\/\/www.streetpark.eu\/sl\/wp-json\/wp\/v2\/pages\/12683\/revisions"}],"predecessor-version":[{"id":19164,"href":"https:\/\/www.streetpark.eu\/sl\/wp-json\/wp\/v2\/pages\/12683\/revisions\/19164"}],"wp:attachment":[{"href":"https:\/\/www.streetpark.eu\/sl\/wp-json\/wp\/v2\/media?parent=12683"}],"curies":[{"name":"wp","href":"https:\/\/api.w.org\/{rel}","templated":true}]}}