{"id":12678,"date":"2017-11-14T12:37:58","date_gmt":"2017-11-14T11:37:58","guid":{"rendered":"http:\/\/vyvoj.streetpark.eu.server.atlatest.cz\/download\/"},"modified":"2025-11-21T10:42:55","modified_gmt":"2025-11-21T09:42:55","slug":"prenos","status":"publish","type":"page","link":"https:\/\/www.streetpark.eu\/sl\/prenos\/","title":{"rendered":"Prenos"},"content":{"rendered":"<p>Ne glede na to, \u010de ste investitor, gradbeno podjetje, arhitekt ali oblikovalec, vam pomagamo izbrati proizvode oz. jih neposredno preoblikujemo v va\u0161 projekt. Na razpolago so vam 2D risbe, 3D ponazoritveni modeli, risbe pritrditev, strani iz kataloga itd. Za nadaljnje informacije ali ponudbe po posebni ceni kontaktirajte na\u0161 prodajni oddelek.<br \/>\n\u010ce si \u017eelite zagotoviti neomejeno mo\u017enost prenosa kakr\u0161nihkoli podpornih datotek, vas prosimo, da se registrirate. Zahvaljujemo se vam za va\u0161e zanimanje ter morebitne predloge in pripombe.<\/p>\n","protected":false},"excerpt":{"rendered":"<p>Ne glede na to, \u010de ste investitor, gradbeno podjetje, arhitekt ali oblikovalec, vam pomagamo izbrati proizvode oz. jih neposredno preoblikujemo v va\u0161 projekt. Na razpolago so vam 2D risbe, 3D ponazoritveni modeli, risbe pritrditev, strani iz kataloga itd. Za nadaljnje &hellip; <a href=\"https:\/\/www.streetpark.eu\/sl\/prenos\/\">Continued<\/a><\/p>\n","protected":false},"author":6,"featured_media":0,"parent":0,"menu_order":0,"comment_status":"closed","ping_status":"closed","template":"templates\/download.php","meta":{"_acf_changed":false,"footnotes":""},"class_list":["post-12678","page","type-page","status-publish","hentry"],"acf":[],"yoast_head":"<!-- This site is optimized with the Yoast SEO plugin v26.9 - https:\/\/yoast.com\/product\/yoast-seo-wordpress\/ -->\n<title>Prenos - M\u011bstsk\u00fd mobili\u00e1\u0159 STREETPARK<\/title>\n<meta name=\"robots\" content=\"index, follow, max-snippet:-1, max-image-preview:large, max-video-preview:-1\" \/>\n<link rel=\"canonical\" href=\"https:\/\/www.streetpark.eu\/sl\/prenos\/\" \/>\n<meta property=\"og:locale\" content=\"sl_SI\" \/>\n<meta property=\"og:type\" content=\"article\" \/>\n<meta property=\"og:title\" content=\"Prenos - M\u011bstsk\u00fd mobili\u00e1\u0159 STREETPARK\" \/>\n<meta property=\"og:description\" content=\"Ne glede na to, \u010de ste investitor, gradbeno podjetje, arhitekt ali oblikovalec, vam pomagamo izbrati proizvode oz. jih neposredno preoblikujemo v va\u0161 projekt. Na razpolago so vam 2D risbe, 3D ponazoritveni modeli, risbe pritrditev, strani iz kataloga itd. Za nadaljnje &hellip; Continued\" \/>\n<meta property=\"og:url\" content=\"https:\/\/www.streetpark.eu\/sl\/prenos\/\" \/>\n<meta property=\"og:site_name\" content=\"M\u011bstsk\u00fd mobili\u00e1\u0159 STREETPARK\" \/>\n<meta property=\"article:publisher\" content=\"https:\/\/www.facebook.com\/streetpark.eu\" \/>\n<meta property=\"article:modified_time\" content=\"2025-11-21T09:42:55+00:00\" \/>\n<meta name=\"twitter:card\" content=\"summary_large_image\" \/>\n<meta name=\"twitter:label1\" content=\"Est. reading time\" \/>\n\t<meta name=\"twitter:data1\" content=\"1 minuta\" \/>\n<script type=\"application\/ld+json\" class=\"yoast-schema-graph\">{\"@context\":\"https:\/\/schema.org\",\"@graph\":[{\"@type\":\"WebPage\",\"@id\":\"https:\/\/www.streetpark.eu\/sl\/prenos\/\",\"url\":\"https:\/\/www.streetpark.eu\/sl\/prenos\/\",\"name\":\"Prenos - M\u011bstsk\u00fd mobili\u00e1\u0159 STREETPARK\",\"isPartOf\":{\"@id\":\"https:\/\/www.streetpark.eu\/sl\/#website\"},\"datePublished\":\"2017-11-14T11:37:58+00:00\",\"dateModified\":\"2025-11-21T09:42:55+00:00\",\"breadcrumb\":{\"@id\":\"https:\/\/www.streetpark.eu\/sl\/prenos\/#breadcrumb\"},\"inLanguage\":\"sl-SI\",\"potentialAction\":[{\"@type\":\"ReadAction\",\"target\":[\"https:\/\/www.streetpark.eu\/sl\/prenos\/\"]}]},{\"@type\":\"BreadcrumbList\",\"@id\":\"https:\/\/www.streetpark.eu\/sl\/prenos\/#breadcrumb\",\"itemListElement\":[{\"@type\":\"ListItem\",\"position\":1,\"name\":\"Dom\u016f\",\"item\":\"https:\/\/www.streetpark.eu\/sl\/\"},{\"@type\":\"ListItem\",\"position\":2,\"name\":\"Prenos\"}]},{\"@type\":\"WebSite\",\"@id\":\"https:\/\/www.streetpark.eu\/sl\/#website\",\"url\":\"https:\/\/www.streetpark.eu\/sl\/\",\"name\":\"M\u011bstsk\u00fd mobili\u00e1\u0159 STREETPARK\",\"description\":\"STREETPARK jsou designov\u00e9 v\u00fdrobky, kter\u00e9 probud\u00ed va\u0161e city.\",\"publisher\":{\"@id\":\"https:\/\/www.streetpark.eu\/sl\/#organization\"},\"potentialAction\":[{\"@type\":\"SearchAction\",\"target\":{\"@type\":\"EntryPoint\",\"urlTemplate\":\"https:\/\/www.streetpark.eu\/sl\/?s={search_term_string}\"},\"query-input\":{\"@type\":\"PropertyValueSpecification\",\"valueRequired\":true,\"valueName\":\"search_term_string\"}}],\"inLanguage\":\"sl-SI\"},{\"@type\":\"Organization\",\"@id\":\"https:\/\/www.streetpark.eu\/sl\/#organization\",\"name\":\"M\u011bstsk\u00fd mobili\u00e1\u0159 STREETPARK\",\"url\":\"https:\/\/www.streetpark.eu\/sl\/\",\"logo\":{\"@type\":\"ImageObject\",\"inLanguage\":\"sl-SI\",\"@id\":\"https:\/\/www.streetpark.eu\/sl\/#\/schema\/logo\/image\/\",\"url\":\"https:\/\/www.streetpark.eu\/wp-content\/uploads\/2022\/10\/STREETPARK_zakladni-varianta_ochr.zona.png\",\"contentUrl\":\"https:\/\/www.streetpark.eu\/wp-content\/uploads\/2022\/10\/STREETPARK_zakladni-varianta_ochr.zona.png\",\"width\":1906,\"height\":575,\"caption\":\"M\u011bstsk\u00fd mobili\u00e1\u0159 STREETPARK\"},\"image\":{\"@id\":\"https:\/\/www.streetpark.eu\/sl\/#\/schema\/logo\/image\/\"},\"sameAs\":[\"https:\/\/www.facebook.com\/streetpark.eu\",\"https:\/\/www.instagram.com\/streetpark.eu\/\",\"https:\/\/www.linkedin.com\/company\/streetpark\",\"https:\/\/cz.pinterest.com\/streetparkurbanfurniture\/\"]}]}<\/script>\n<!-- \/ Yoast SEO plugin. -->","yoast_head_json":{"title":"Prenos - M\u011bstsk\u00fd mobili\u00e1\u0159 STREETPARK","robots":{"index":"index","follow":"follow","max-snippet":"max-snippet:-1","max-image-preview":"max-image-preview:large","max-video-preview":"max-video-preview:-1"},"canonical":"https:\/\/www.streetpark.eu\/sl\/prenos\/","og_locale":"sl_SI","og_type":"article","og_title":"Prenos - M\u011bstsk\u00fd mobili\u00e1\u0159 STREETPARK","og_description":"Ne glede na to, \u010de ste investitor, gradbeno podjetje, arhitekt ali oblikovalec, vam pomagamo izbrati proizvode oz. jih neposredno preoblikujemo v va\u0161 projekt. Na razpolago so vam 2D risbe, 3D ponazoritveni modeli, risbe pritrditev, strani iz kataloga itd. Za nadaljnje &hellip; Continued","og_url":"https:\/\/www.streetpark.eu\/sl\/prenos\/","og_site_name":"M\u011bstsk\u00fd mobili\u00e1\u0159 STREETPARK","article_publisher":"https:\/\/www.facebook.com\/streetpark.eu","article_modified_time":"2025-11-21T09:42:55+00:00","twitter_card":"summary_large_image","twitter_misc":{"Est. reading time":"1 minuta"},"schema":{"@context":"https:\/\/schema.org","@graph":[{"@type":"WebPage","@id":"https:\/\/www.streetpark.eu\/sl\/prenos\/","url":"https:\/\/www.streetpark.eu\/sl\/prenos\/","name":"Prenos - M\u011bstsk\u00fd mobili\u00e1\u0159 STREETPARK","isPartOf":{"@id":"https:\/\/www.streetpark.eu\/sl\/#website"},"datePublished":"2017-11-14T11:37:58+00:00","dateModified":"2025-11-21T09:42:55+00:00","breadcrumb":{"@id":"https:\/\/www.streetpark.eu\/sl\/prenos\/#breadcrumb"},"inLanguage":"sl-SI","potentialAction":[{"@type":"ReadAction","target":["https:\/\/www.streetpark.eu\/sl\/prenos\/"]}]},{"@type":"BreadcrumbList","@id":"https:\/\/www.streetpark.eu\/sl\/prenos\/#breadcrumb","itemListElement":[{"@type":"ListItem","position":1,"name":"Dom\u016f","item":"https:\/\/www.streetpark.eu\/sl\/"},{"@type":"ListItem","position":2,"name":"Prenos"}]},{"@type":"WebSite","@id":"https:\/\/www.streetpark.eu\/sl\/#website","url":"https:\/\/www.streetpark.eu\/sl\/","name":"M\u011bstsk\u00fd mobili\u00e1\u0159 STREETPARK","description":"STREETPARK jsou designov\u00e9 v\u00fdrobky, kter\u00e9 probud\u00ed va\u0161e city.","publisher":{"@id":"https:\/\/www.streetpark.eu\/sl\/#organization"},"potentialAction":[{"@type":"SearchAction","target":{"@type":"EntryPoint","urlTemplate":"https:\/\/www.streetpark.eu\/sl\/?s={search_term_string}"},"query-input":{"@type":"PropertyValueSpecification","valueRequired":true,"valueName":"search_term_string"}}],"inLanguage":"sl-SI"},{"@type":"Organization","@id":"https:\/\/www.streetpark.eu\/sl\/#organization","name":"M\u011bstsk\u00fd mobili\u00e1\u0159 STREETPARK","url":"https:\/\/www.streetpark.eu\/sl\/","logo":{"@type":"ImageObject","inLanguage":"sl-SI","@id":"https:\/\/www.streetpark.eu\/sl\/#\/schema\/logo\/image\/","url":"https:\/\/www.streetpark.eu\/wp-content\/uploads\/2022\/10\/STREETPARK_zakladni-varianta_ochr.zona.png","contentUrl":"https:\/\/www.streetpark.eu\/wp-content\/uploads\/2022\/10\/STREETPARK_zakladni-varianta_ochr.zona.png","width":1906,"height":575,"caption":"M\u011bstsk\u00fd mobili\u00e1\u0159 STREETPARK"},"image":{"@id":"https:\/\/www.streetpark.eu\/sl\/#\/schema\/logo\/image\/"},"sameAs":["https:\/\/www.facebook.com\/streetpark.eu","https:\/\/www.instagram.com\/streetpark.eu\/","https:\/\/www.linkedin.com\/company\/streetpark","https:\/\/cz.pinterest.com\/streetparkurbanfurniture\/"]}]}},"_links":{"self":[{"href":"https:\/\/www.streetpark.eu\/sl\/wp-json\/wp\/v2\/pages\/12678","targetHints":{"allow":["GET"]}}],"collection":[{"href":"https:\/\/www.streetpark.eu\/sl\/wp-json\/wp\/v2\/pages"}],"about":[{"href":"https:\/\/www.streetpark.eu\/sl\/wp-json\/wp\/v2\/types\/page"}],"author":[{"embeddable":true,"href":"https:\/\/www.streetpark.eu\/sl\/wp-json\/wp\/v2\/users\/6"}],"replies":[{"embeddable":true,"href":"https:\/\/www.streetpark.eu\/sl\/wp-json\/wp\/v2\/comments?post=12678"}],"version-history":[{"count":12,"href":"https:\/\/www.streetpark.eu\/sl\/wp-json\/wp\/v2\/pages\/12678\/revisions"}],"predecessor-version":[{"id":44329,"href":"https:\/\/www.streetpark.eu\/sl\/wp-json\/wp\/v2\/pages\/12678\/revisions\/44329"}],"wp:attachment":[{"href":"https:\/\/www.streetpark.eu\/sl\/wp-json\/wp\/v2\/media?parent=12678"}],"curies":[{"name":"wp","href":"https:\/\/api.w.org\/{rel}","templated":true}]}}