{"id":12677,"date":"2017-11-16T14:12:07","date_gmt":"2017-11-16T13:12:07","guid":{"rendered":"http:\/\/vyvoj.streetpark.eu.server.atlatest.cz\/registration-form\/"},"modified":"2020-02-04T15:18:01","modified_gmt":"2020-02-04T14:18:01","slug":"registracijski-obrazec","status":"publish","type":"page","link":"https:\/\/www.streetpark.eu\/sl\/registracijski-obrazec\/","title":{"rendered":"Registracijski obrazec"},"content":{"rendered":"<p>Va\u0161a registracija vam omogo\u010di ogled \u0161tevilnih delovnih materialov.<\/p>\n","protected":false},"excerpt":{"rendered":"<p>Va\u0161a registracija vam omogo\u010di ogled \u0161tevilnih delovnih materialov.<\/p>\n","protected":false},"author":6,"featured_media":0,"parent":0,"menu_order":0,"comment_status":"closed","ping_status":"closed","template":"templates\/registration.php","meta":{"_acf_changed":false,"footnotes":""},"class_list":["post-12677","page","type-page","status-publish","hentry"],"acf":[],"yoast_head":"<!-- This site is optimized with the Yoast SEO plugin v26.9 - https:\/\/yoast.com\/product\/yoast-seo-wordpress\/ -->\n<title>Registracijski obrazec - M\u011bstsk\u00fd mobili\u00e1\u0159 STREETPARK<\/title>\n<meta name=\"robots\" content=\"index, follow, max-snippet:-1, max-image-preview:large, max-video-preview:-1\" \/>\n<link rel=\"canonical\" href=\"https:\/\/www.streetpark.eu\/sl\/registracijski-obrazec\/\" \/>\n<meta property=\"og:locale\" content=\"sl_SI\" \/>\n<meta property=\"og:type\" content=\"article\" \/>\n<meta property=\"og:title\" content=\"Registracijski obrazec - M\u011bstsk\u00fd mobili\u00e1\u0159 STREETPARK\" \/>\n<meta property=\"og:description\" content=\"Va\u0161a registracija vam omogo\u010di ogled \u0161tevilnih delovnih materialov.\" \/>\n<meta property=\"og:url\" content=\"https:\/\/www.streetpark.eu\/sl\/registracijski-obrazec\/\" \/>\n<meta property=\"og:site_name\" content=\"M\u011bstsk\u00fd mobili\u00e1\u0159 STREETPARK\" \/>\n<meta property=\"article:publisher\" content=\"https:\/\/www.facebook.com\/streetpark.eu\" \/>\n<meta property=\"article:modified_time\" content=\"2020-02-04T14:18:01+00:00\" \/>\n<meta name=\"twitter:card\" content=\"summary_large_image\" \/>\n<script type=\"application\/ld+json\" class=\"yoast-schema-graph\">{\"@context\":\"https:\/\/schema.org\",\"@graph\":[{\"@type\":\"WebPage\",\"@id\":\"https:\/\/www.streetpark.eu\/sl\/registracijski-obrazec\/\",\"url\":\"https:\/\/www.streetpark.eu\/sl\/registracijski-obrazec\/\",\"name\":\"Registracijski obrazec - M\u011bstsk\u00fd mobili\u00e1\u0159 STREETPARK\",\"isPartOf\":{\"@id\":\"https:\/\/www.streetpark.eu\/sl\/#website\"},\"datePublished\":\"2017-11-16T13:12:07+00:00\",\"dateModified\":\"2020-02-04T14:18:01+00:00\",\"breadcrumb\":{\"@id\":\"https:\/\/www.streetpark.eu\/sl\/registracijski-obrazec\/#breadcrumb\"},\"inLanguage\":\"sl-SI\",\"potentialAction\":[{\"@type\":\"ReadAction\",\"target\":[\"https:\/\/www.streetpark.eu\/sl\/registracijski-obrazec\/\"]}]},{\"@type\":\"BreadcrumbList\",\"@id\":\"https:\/\/www.streetpark.eu\/sl\/registracijski-obrazec\/#breadcrumb\",\"itemListElement\":[{\"@type\":\"ListItem\",\"position\":1,\"name\":\"Dom\u016f\",\"item\":\"https:\/\/www.streetpark.eu\/sl\/\"},{\"@type\":\"ListItem\",\"position\":2,\"name\":\"Registracijski obrazec\"}]},{\"@type\":\"WebSite\",\"@id\":\"https:\/\/www.streetpark.eu\/sl\/#website\",\"url\":\"https:\/\/www.streetpark.eu\/sl\/\",\"name\":\"M\u011bstsk\u00fd mobili\u00e1\u0159 STREETPARK\",\"description\":\"STREETPARK jsou designov\u00e9 v\u00fdrobky, kter\u00e9 probud\u00ed va\u0161e city.\",\"publisher\":{\"@id\":\"https:\/\/www.streetpark.eu\/sl\/#organization\"},\"potentialAction\":[{\"@type\":\"SearchAction\",\"target\":{\"@type\":\"EntryPoint\",\"urlTemplate\":\"https:\/\/www.streetpark.eu\/sl\/?s={search_term_string}\"},\"query-input\":{\"@type\":\"PropertyValueSpecification\",\"valueRequired\":true,\"valueName\":\"search_term_string\"}}],\"inLanguage\":\"sl-SI\"},{\"@type\":\"Organization\",\"@id\":\"https:\/\/www.streetpark.eu\/sl\/#organization\",\"name\":\"M\u011bstsk\u00fd mobili\u00e1\u0159 STREETPARK\",\"url\":\"https:\/\/www.streetpark.eu\/sl\/\",\"logo\":{\"@type\":\"ImageObject\",\"inLanguage\":\"sl-SI\",\"@id\":\"https:\/\/www.streetpark.eu\/sl\/#\/schema\/logo\/image\/\",\"url\":\"https:\/\/www.streetpark.eu\/wp-content\/uploads\/2022\/10\/STREETPARK_zakladni-varianta_ochr.zona.png\",\"contentUrl\":\"https:\/\/www.streetpark.eu\/wp-content\/uploads\/2022\/10\/STREETPARK_zakladni-varianta_ochr.zona.png\",\"width\":1906,\"height\":575,\"caption\":\"M\u011bstsk\u00fd mobili\u00e1\u0159 STREETPARK\"},\"image\":{\"@id\":\"https:\/\/www.streetpark.eu\/sl\/#\/schema\/logo\/image\/\"},\"sameAs\":[\"https:\/\/www.facebook.com\/streetpark.eu\",\"https:\/\/www.instagram.com\/streetpark.eu\/\",\"https:\/\/www.linkedin.com\/company\/streetpark\",\"https:\/\/cz.pinterest.com\/streetparkurbanfurniture\/\"]}]}<\/script>\n<!-- \/ Yoast SEO plugin. -->","yoast_head_json":{"title":"Registracijski obrazec - M\u011bstsk\u00fd mobili\u00e1\u0159 STREETPARK","robots":{"index":"index","follow":"follow","max-snippet":"max-snippet:-1","max-image-preview":"max-image-preview:large","max-video-preview":"max-video-preview:-1"},"canonical":"https:\/\/www.streetpark.eu\/sl\/registracijski-obrazec\/","og_locale":"sl_SI","og_type":"article","og_title":"Registracijski obrazec - M\u011bstsk\u00fd mobili\u00e1\u0159 STREETPARK","og_description":"Va\u0161a registracija vam omogo\u010di ogled \u0161tevilnih delovnih materialov.","og_url":"https:\/\/www.streetpark.eu\/sl\/registracijski-obrazec\/","og_site_name":"M\u011bstsk\u00fd mobili\u00e1\u0159 STREETPARK","article_publisher":"https:\/\/www.facebook.com\/streetpark.eu","article_modified_time":"2020-02-04T14:18:01+00:00","twitter_card":"summary_large_image","schema":{"@context":"https:\/\/schema.org","@graph":[{"@type":"WebPage","@id":"https:\/\/www.streetpark.eu\/sl\/registracijski-obrazec\/","url":"https:\/\/www.streetpark.eu\/sl\/registracijski-obrazec\/","name":"Registracijski obrazec - M\u011bstsk\u00fd mobili\u00e1\u0159 STREETPARK","isPartOf":{"@id":"https:\/\/www.streetpark.eu\/sl\/#website"},"datePublished":"2017-11-16T13:12:07+00:00","dateModified":"2020-02-04T14:18:01+00:00","breadcrumb":{"@id":"https:\/\/www.streetpark.eu\/sl\/registracijski-obrazec\/#breadcrumb"},"inLanguage":"sl-SI","potentialAction":[{"@type":"ReadAction","target":["https:\/\/www.streetpark.eu\/sl\/registracijski-obrazec\/"]}]},{"@type":"BreadcrumbList","@id":"https:\/\/www.streetpark.eu\/sl\/registracijski-obrazec\/#breadcrumb","itemListElement":[{"@type":"ListItem","position":1,"name":"Dom\u016f","item":"https:\/\/www.streetpark.eu\/sl\/"},{"@type":"ListItem","position":2,"name":"Registracijski obrazec"}]},{"@type":"WebSite","@id":"https:\/\/www.streetpark.eu\/sl\/#website","url":"https:\/\/www.streetpark.eu\/sl\/","name":"M\u011bstsk\u00fd mobili\u00e1\u0159 STREETPARK","description":"STREETPARK jsou designov\u00e9 v\u00fdrobky, kter\u00e9 probud\u00ed va\u0161e city.","publisher":{"@id":"https:\/\/www.streetpark.eu\/sl\/#organization"},"potentialAction":[{"@type":"SearchAction","target":{"@type":"EntryPoint","urlTemplate":"https:\/\/www.streetpark.eu\/sl\/?s={search_term_string}"},"query-input":{"@type":"PropertyValueSpecification","valueRequired":true,"valueName":"search_term_string"}}],"inLanguage":"sl-SI"},{"@type":"Organization","@id":"https:\/\/www.streetpark.eu\/sl\/#organization","name":"M\u011bstsk\u00fd mobili\u00e1\u0159 STREETPARK","url":"https:\/\/www.streetpark.eu\/sl\/","logo":{"@type":"ImageObject","inLanguage":"sl-SI","@id":"https:\/\/www.streetpark.eu\/sl\/#\/schema\/logo\/image\/","url":"https:\/\/www.streetpark.eu\/wp-content\/uploads\/2022\/10\/STREETPARK_zakladni-varianta_ochr.zona.png","contentUrl":"https:\/\/www.streetpark.eu\/wp-content\/uploads\/2022\/10\/STREETPARK_zakladni-varianta_ochr.zona.png","width":1906,"height":575,"caption":"M\u011bstsk\u00fd mobili\u00e1\u0159 STREETPARK"},"image":{"@id":"https:\/\/www.streetpark.eu\/sl\/#\/schema\/logo\/image\/"},"sameAs":["https:\/\/www.facebook.com\/streetpark.eu","https:\/\/www.instagram.com\/streetpark.eu\/","https:\/\/www.linkedin.com\/company\/streetpark","https:\/\/cz.pinterest.com\/streetparkurbanfurniture\/"]}]}},"_links":{"self":[{"href":"https:\/\/www.streetpark.eu\/sl\/wp-json\/wp\/v2\/pages\/12677","targetHints":{"allow":["GET"]}}],"collection":[{"href":"https:\/\/www.streetpark.eu\/sl\/wp-json\/wp\/v2\/pages"}],"about":[{"href":"https:\/\/www.streetpark.eu\/sl\/wp-json\/wp\/v2\/types\/page"}],"author":[{"embeddable":true,"href":"https:\/\/www.streetpark.eu\/sl\/wp-json\/wp\/v2\/users\/6"}],"replies":[{"embeddable":true,"href":"https:\/\/www.streetpark.eu\/sl\/wp-json\/wp\/v2\/comments?post=12677"}],"version-history":[{"count":6,"href":"https:\/\/www.streetpark.eu\/sl\/wp-json\/wp\/v2\/pages\/12677\/revisions"}],"predecessor-version":[{"id":19294,"href":"https:\/\/www.streetpark.eu\/sl\/wp-json\/wp\/v2\/pages\/12677\/revisions\/19294"}],"wp:attachment":[{"href":"https:\/\/www.streetpark.eu\/sl\/wp-json\/wp\/v2\/media?parent=12677"}],"curies":[{"name":"wp","href":"https:\/\/api.w.org\/{rel}","templated":true}]}}