{"id":12674,"date":"2017-11-23T09:51:31","date_gmt":"2017-11-23T08:51:31","guid":{"rendered":"http:\/\/vyvoj.streetpark.eu.server.atlatest.cz\/design-and-philosophy\/"},"modified":"2020-02-06T08:43:23","modified_gmt":"2020-02-06T07:43:23","slug":"dizajn-in-filozofija","status":"publish","type":"page","link":"https:\/\/www.streetpark.eu\/sl\/dizajn-in-filozofija\/","title":{"rendered":"Dizajn in filozofija"},"content":{"rendered":"<p>Smo partner vseh tistih, <strong>ki dojemajo javni prostor kot izziv<\/strong>, ne glede na to, kdo so ti ljudje \u2013 arhitekti, gradbinci ali investitorji. Vedno i\u0161\u010demo najbolj\u0161o re\u0161itev za dolo\u010deno lokacijo, kar nam omogo\u010dajo na\u0161a oblikovalska in gradbena ekipa ter bogate izku\u0161nje iz \u0161tevilnih realiziranih projektov. Prizadevamo si, da je na\u0161a urbana oprema v so\u017eitju z okolico in dopolnjuje njeno estetsko vrednost.<\/p>\n<p><strong>Za nas ni noben projekt nepomemben.<\/strong> Enako se potrudimo, \u010de dobavljamo celotno opremo za veliko mesto ali pa namestimo nekaj klopi v\u00a0majhno vas.<\/p>\n<p><img loading=\"lazy\" decoding=\"async\" class=\"alignnone size-full wp-image-711\" src=\"https:\/\/www.streetpark.eu\/wp-content\/uploads\/2017\/12\/streetpark-lavicka-robusta-realizace-cimer.jpg\" alt=\"\" width=\"1600\" height=\"1000\" srcset=\"https:\/\/www.streetpark.eu\/wp-content\/uploads\/2017\/12\/streetpark-lavicka-robusta-realizace-cimer.jpg 1600w, https:\/\/www.streetpark.eu\/wp-content\/uploads\/2017\/12\/streetpark-lavicka-robusta-realizace-cimer-150x94.jpg 150w, https:\/\/www.streetpark.eu\/wp-content\/uploads\/2017\/12\/streetpark-lavicka-robusta-realizace-cimer-500x313.jpg 500w, https:\/\/www.streetpark.eu\/wp-content\/uploads\/2017\/12\/streetpark-lavicka-robusta-realizace-cimer-768x480.jpg 768w, https:\/\/www.streetpark.eu\/wp-content\/uploads\/2017\/12\/streetpark-lavicka-robusta-realizace-cimer-1024x640.jpg 1024w, https:\/\/www.streetpark.eu\/wp-content\/uploads\/2017\/12\/streetpark-lavicka-robusta-realizace-cimer-300x188.jpg 300w\" sizes=\"auto, (max-width: 1600px) 100vw, 1600px\" \/><\/p>\n<p><strong>Lepo in funkcionalno<\/strong>. \u00a0Urbana oprema je namenjena kultiviranju javnega prostora, vendar pa ne sme pritegovati preve\u010d pozornosti. Nismo podporniki ustvarjalnosti za namen ustvarjalnosti same. Ne \u017eelimo pritegovati pozornosti s\u00a0ceneno ekscentri\u010dnostjo. Na\u0161a urbana oprema je narejena za svoj pravi namen &#8211; omogo\u010diti udobno zadr\u017eevanje in gibanje na javnih prostorih. Samo proizvodi, ki so izdelani iz najbolj kakovostnih materialov, imajo primerno konstrukcijo in premi\u0161ljene detajle, lahko slu\u017eijo svojemu namenu. Na\u0161a prioriteta je kakovost, ki omogo\u010da ve\u010d desetletij uporabnosti urbane opreme, \u010de je ta ustrezno vzdr\u017eevana.<\/p>\n<p>Od prvih skic proizvoda do njegove kon\u010dne postavitve na dolo\u010deni lokaciji se trudimo, da urbana oprema, ki jo oblikuje, razvija in dobavlja STREETPARK, dosega <strong>estetske, ergonomske in kakovostne standarde, pri\u010dakovane pri proizvodu z\u00a0blagovno znamko<\/strong>. Investicije na\u0161ih kupcev \u0161\u010ditimo z\u00a0ustrezno izbiro materialov ter z\u00a0odpornostjo na\u0161ih proizvodov proti vandalizmu. Nadziramo tudi ekonomsko plat na\u0161ih postopkov, tako da so na\u0161i proizvodi \u0161e vedno dostopni vsakomur.<\/p>\n<p><img loading=\"lazy\" decoding=\"async\" class=\"alignnone size-full wp-image-714\" src=\"https:\/\/www.streetpark.eu\/wp-content\/uploads\/2017\/12\/streetpark-lavicka-ALUMA-LAL13-design.jpg\" alt=\"\" width=\"1600\" height=\"1000\" srcset=\"https:\/\/www.streetpark.eu\/wp-content\/uploads\/2017\/12\/streetpark-lavicka-ALUMA-LAL13-design.jpg 1600w, https:\/\/www.streetpark.eu\/wp-content\/uploads\/2017\/12\/streetpark-lavicka-ALUMA-LAL13-design-150x94.jpg 150w, https:\/\/www.streetpark.eu\/wp-content\/uploads\/2017\/12\/streetpark-lavicka-ALUMA-LAL13-design-500x313.jpg 500w, https:\/\/www.streetpark.eu\/wp-content\/uploads\/2017\/12\/streetpark-lavicka-ALUMA-LAL13-design-768x480.jpg 768w, https:\/\/www.streetpark.eu\/wp-content\/uploads\/2017\/12\/streetpark-lavicka-ALUMA-LAL13-design-1024x640.jpg 1024w, https:\/\/www.streetpark.eu\/wp-content\/uploads\/2017\/12\/streetpark-lavicka-ALUMA-LAL13-design-300x188.jpg 300w\" sizes=\"auto, (max-width: 1600px) 100vw, 1600px\" \/><\/p>\n","protected":false},"excerpt":{"rendered":"<p>Smo partner vseh tistih, ki dojemajo javni prostor kot izziv, ne glede na to, kdo so ti ljudje \u2013 arhitekti, gradbinci ali investitorji. Vedno i\u0161\u010demo najbolj\u0161o re\u0161itev za dolo\u010deno lokacijo, kar nam omogo\u010dajo na\u0161a oblikovalska in gradbena ekipa ter bogate &hellip; <a href=\"https:\/\/www.streetpark.eu\/sl\/dizajn-in-filozofija\/\">Continued<\/a><\/p>\n","protected":false},"author":6,"featured_media":0,"parent":0,"menu_order":0,"comment_status":"closed","ping_status":"closed","template":"templates\/design.php","meta":{"_acf_changed":false,"footnotes":""},"class_list":["post-12674","page","type-page","status-publish","hentry"],"acf":[],"yoast_head":"<!-- This site is optimized with the Yoast SEO plugin v26.9 - https:\/\/yoast.com\/product\/yoast-seo-wordpress\/ -->\n<title>Dizajn in filozofija - M\u011bstsk\u00fd mobili\u00e1\u0159 STREETPARK<\/title>\n<meta name=\"robots\" content=\"index, follow, max-snippet:-1, max-image-preview:large, max-video-preview:-1\" \/>\n<link rel=\"canonical\" href=\"https:\/\/www.streetpark.eu\/sl\/dizajn-in-filozofija\/\" \/>\n<meta property=\"og:locale\" content=\"sl_SI\" \/>\n<meta property=\"og:type\" content=\"article\" \/>\n<meta property=\"og:title\" content=\"Dizajn in filozofija - M\u011bstsk\u00fd mobili\u00e1\u0159 STREETPARK\" \/>\n<meta property=\"og:description\" content=\"Smo partner vseh tistih, ki dojemajo javni prostor kot izziv, ne glede na to, kdo so ti ljudje \u2013 arhitekti, gradbinci ali investitorji. Vedno i\u0161\u010demo najbolj\u0161o re\u0161itev za dolo\u010deno lokacijo, kar nam omogo\u010dajo na\u0161a oblikovalska in gradbena ekipa ter bogate &hellip; Continued\" \/>\n<meta property=\"og:url\" content=\"https:\/\/www.streetpark.eu\/sl\/dizajn-in-filozofija\/\" \/>\n<meta property=\"og:site_name\" content=\"M\u011bstsk\u00fd mobili\u00e1\u0159 STREETPARK\" \/>\n<meta property=\"article:publisher\" content=\"https:\/\/www.facebook.com\/streetpark.eu\" \/>\n<meta property=\"article:modified_time\" content=\"2020-02-06T07:43:23+00:00\" \/>\n<meta property=\"og:image\" content=\"https:\/\/www.streetpark.eu\/wp-content\/uploads\/2017\/12\/streetpark-lavicka-robusta-realizace-cimer.jpg\" \/>\n<meta name=\"twitter:card\" content=\"summary_large_image\" \/>\n<meta name=\"twitter:label1\" content=\"Est. reading time\" \/>\n\t<meta name=\"twitter:data1\" content=\"1 minuta\" \/>\n<script type=\"application\/ld+json\" class=\"yoast-schema-graph\">{\"@context\":\"https:\/\/schema.org\",\"@graph\":[{\"@type\":\"WebPage\",\"@id\":\"https:\/\/www.streetpark.eu\/sl\/dizajn-in-filozofija\/\",\"url\":\"https:\/\/www.streetpark.eu\/sl\/dizajn-in-filozofija\/\",\"name\":\"Dizajn in filozofija - M\u011bstsk\u00fd mobili\u00e1\u0159 STREETPARK\",\"isPartOf\":{\"@id\":\"https:\/\/www.streetpark.eu\/sl\/#website\"},\"primaryImageOfPage\":{\"@id\":\"https:\/\/www.streetpark.eu\/sl\/dizajn-in-filozofija\/#primaryimage\"},\"image\":{\"@id\":\"https:\/\/www.streetpark.eu\/sl\/dizajn-in-filozofija\/#primaryimage\"},\"thumbnailUrl\":\"https:\/\/www.streetpark.eu\/wp-content\/uploads\/2017\/12\/streetpark-lavicka-robusta-realizace-cimer.jpg\",\"datePublished\":\"2017-11-23T08:51:31+00:00\",\"dateModified\":\"2020-02-06T07:43:23+00:00\",\"breadcrumb\":{\"@id\":\"https:\/\/www.streetpark.eu\/sl\/dizajn-in-filozofija\/#breadcrumb\"},\"inLanguage\":\"sl-SI\",\"potentialAction\":[{\"@type\":\"ReadAction\",\"target\":[\"https:\/\/www.streetpark.eu\/sl\/dizajn-in-filozofija\/\"]}]},{\"@type\":\"ImageObject\",\"inLanguage\":\"sl-SI\",\"@id\":\"https:\/\/www.streetpark.eu\/sl\/dizajn-in-filozofija\/#primaryimage\",\"url\":\"https:\/\/www.streetpark.eu\/wp-content\/uploads\/2017\/12\/streetpark-lavicka-robusta-realizace-cimer.jpg\",\"contentUrl\":\"https:\/\/www.streetpark.eu\/wp-content\/uploads\/2017\/12\/streetpark-lavicka-robusta-realizace-cimer.jpg\"},{\"@type\":\"BreadcrumbList\",\"@id\":\"https:\/\/www.streetpark.eu\/sl\/dizajn-in-filozofija\/#breadcrumb\",\"itemListElement\":[{\"@type\":\"ListItem\",\"position\":1,\"name\":\"Dom\u016f\",\"item\":\"https:\/\/www.streetpark.eu\/sl\/\"},{\"@type\":\"ListItem\",\"position\":2,\"name\":\"Dizajn in filozofija\"}]},{\"@type\":\"WebSite\",\"@id\":\"https:\/\/www.streetpark.eu\/sl\/#website\",\"url\":\"https:\/\/www.streetpark.eu\/sl\/\",\"name\":\"M\u011bstsk\u00fd mobili\u00e1\u0159 STREETPARK\",\"description\":\"STREETPARK jsou designov\u00e9 v\u00fdrobky, kter\u00e9 probud\u00ed va\u0161e city.\",\"publisher\":{\"@id\":\"https:\/\/www.streetpark.eu\/sl\/#organization\"},\"potentialAction\":[{\"@type\":\"SearchAction\",\"target\":{\"@type\":\"EntryPoint\",\"urlTemplate\":\"https:\/\/www.streetpark.eu\/sl\/?s={search_term_string}\"},\"query-input\":{\"@type\":\"PropertyValueSpecification\",\"valueRequired\":true,\"valueName\":\"search_term_string\"}}],\"inLanguage\":\"sl-SI\"},{\"@type\":\"Organization\",\"@id\":\"https:\/\/www.streetpark.eu\/sl\/#organization\",\"name\":\"M\u011bstsk\u00fd mobili\u00e1\u0159 STREETPARK\",\"url\":\"https:\/\/www.streetpark.eu\/sl\/\",\"logo\":{\"@type\":\"ImageObject\",\"inLanguage\":\"sl-SI\",\"@id\":\"https:\/\/www.streetpark.eu\/sl\/#\/schema\/logo\/image\/\",\"url\":\"https:\/\/www.streetpark.eu\/wp-content\/uploads\/2022\/10\/STREETPARK_zakladni-varianta_ochr.zona.png\",\"contentUrl\":\"https:\/\/www.streetpark.eu\/wp-content\/uploads\/2022\/10\/STREETPARK_zakladni-varianta_ochr.zona.png\",\"width\":1906,\"height\":575,\"caption\":\"M\u011bstsk\u00fd mobili\u00e1\u0159 STREETPARK\"},\"image\":{\"@id\":\"https:\/\/www.streetpark.eu\/sl\/#\/schema\/logo\/image\/\"},\"sameAs\":[\"https:\/\/www.facebook.com\/streetpark.eu\",\"https:\/\/www.instagram.com\/streetpark.eu\/\",\"https:\/\/www.linkedin.com\/company\/streetpark\",\"https:\/\/cz.pinterest.com\/streetparkurbanfurniture\/\"]}]}<\/script>\n<!-- \/ Yoast SEO plugin. -->","yoast_head_json":{"title":"Dizajn in filozofija - M\u011bstsk\u00fd mobili\u00e1\u0159 STREETPARK","robots":{"index":"index","follow":"follow","max-snippet":"max-snippet:-1","max-image-preview":"max-image-preview:large","max-video-preview":"max-video-preview:-1"},"canonical":"https:\/\/www.streetpark.eu\/sl\/dizajn-in-filozofija\/","og_locale":"sl_SI","og_type":"article","og_title":"Dizajn in filozofija - M\u011bstsk\u00fd mobili\u00e1\u0159 STREETPARK","og_description":"Smo partner vseh tistih, ki dojemajo javni prostor kot izziv, ne glede na to, kdo so ti ljudje \u2013 arhitekti, gradbinci ali investitorji. Vedno i\u0161\u010demo najbolj\u0161o re\u0161itev za dolo\u010deno lokacijo, kar nam omogo\u010dajo na\u0161a oblikovalska in gradbena ekipa ter bogate &hellip; Continued","og_url":"https:\/\/www.streetpark.eu\/sl\/dizajn-in-filozofija\/","og_site_name":"M\u011bstsk\u00fd mobili\u00e1\u0159 STREETPARK","article_publisher":"https:\/\/www.facebook.com\/streetpark.eu","article_modified_time":"2020-02-06T07:43:23+00:00","og_image":[{"url":"https:\/\/www.streetpark.eu\/wp-content\/uploads\/2017\/12\/streetpark-lavicka-robusta-realizace-cimer.jpg","type":"","width":"","height":""}],"twitter_card":"summary_large_image","twitter_misc":{"Est. reading time":"1 minuta"},"schema":{"@context":"https:\/\/schema.org","@graph":[{"@type":"WebPage","@id":"https:\/\/www.streetpark.eu\/sl\/dizajn-in-filozofija\/","url":"https:\/\/www.streetpark.eu\/sl\/dizajn-in-filozofija\/","name":"Dizajn in filozofija - M\u011bstsk\u00fd mobili\u00e1\u0159 STREETPARK","isPartOf":{"@id":"https:\/\/www.streetpark.eu\/sl\/#website"},"primaryImageOfPage":{"@id":"https:\/\/www.streetpark.eu\/sl\/dizajn-in-filozofija\/#primaryimage"},"image":{"@id":"https:\/\/www.streetpark.eu\/sl\/dizajn-in-filozofija\/#primaryimage"},"thumbnailUrl":"https:\/\/www.streetpark.eu\/wp-content\/uploads\/2017\/12\/streetpark-lavicka-robusta-realizace-cimer.jpg","datePublished":"2017-11-23T08:51:31+00:00","dateModified":"2020-02-06T07:43:23+00:00","breadcrumb":{"@id":"https:\/\/www.streetpark.eu\/sl\/dizajn-in-filozofija\/#breadcrumb"},"inLanguage":"sl-SI","potentialAction":[{"@type":"ReadAction","target":["https:\/\/www.streetpark.eu\/sl\/dizajn-in-filozofija\/"]}]},{"@type":"ImageObject","inLanguage":"sl-SI","@id":"https:\/\/www.streetpark.eu\/sl\/dizajn-in-filozofija\/#primaryimage","url":"https:\/\/www.streetpark.eu\/wp-content\/uploads\/2017\/12\/streetpark-lavicka-robusta-realizace-cimer.jpg","contentUrl":"https:\/\/www.streetpark.eu\/wp-content\/uploads\/2017\/12\/streetpark-lavicka-robusta-realizace-cimer.jpg"},{"@type":"BreadcrumbList","@id":"https:\/\/www.streetpark.eu\/sl\/dizajn-in-filozofija\/#breadcrumb","itemListElement":[{"@type":"ListItem","position":1,"name":"Dom\u016f","item":"https:\/\/www.streetpark.eu\/sl\/"},{"@type":"ListItem","position":2,"name":"Dizajn in filozofija"}]},{"@type":"WebSite","@id":"https:\/\/www.streetpark.eu\/sl\/#website","url":"https:\/\/www.streetpark.eu\/sl\/","name":"M\u011bstsk\u00fd mobili\u00e1\u0159 STREETPARK","description":"STREETPARK jsou designov\u00e9 v\u00fdrobky, kter\u00e9 probud\u00ed va\u0161e city.","publisher":{"@id":"https:\/\/www.streetpark.eu\/sl\/#organization"},"potentialAction":[{"@type":"SearchAction","target":{"@type":"EntryPoint","urlTemplate":"https:\/\/www.streetpark.eu\/sl\/?s={search_term_string}"},"query-input":{"@type":"PropertyValueSpecification","valueRequired":true,"valueName":"search_term_string"}}],"inLanguage":"sl-SI"},{"@type":"Organization","@id":"https:\/\/www.streetpark.eu\/sl\/#organization","name":"M\u011bstsk\u00fd mobili\u00e1\u0159 STREETPARK","url":"https:\/\/www.streetpark.eu\/sl\/","logo":{"@type":"ImageObject","inLanguage":"sl-SI","@id":"https:\/\/www.streetpark.eu\/sl\/#\/schema\/logo\/image\/","url":"https:\/\/www.streetpark.eu\/wp-content\/uploads\/2022\/10\/STREETPARK_zakladni-varianta_ochr.zona.png","contentUrl":"https:\/\/www.streetpark.eu\/wp-content\/uploads\/2022\/10\/STREETPARK_zakladni-varianta_ochr.zona.png","width":1906,"height":575,"caption":"M\u011bstsk\u00fd mobili\u00e1\u0159 STREETPARK"},"image":{"@id":"https:\/\/www.streetpark.eu\/sl\/#\/schema\/logo\/image\/"},"sameAs":["https:\/\/www.facebook.com\/streetpark.eu","https:\/\/www.instagram.com\/streetpark.eu\/","https:\/\/www.linkedin.com\/company\/streetpark","https:\/\/cz.pinterest.com\/streetparkurbanfurniture\/"]}]}},"_links":{"self":[{"href":"https:\/\/www.streetpark.eu\/sl\/wp-json\/wp\/v2\/pages\/12674","targetHints":{"allow":["GET"]}}],"collection":[{"href":"https:\/\/www.streetpark.eu\/sl\/wp-json\/wp\/v2\/pages"}],"about":[{"href":"https:\/\/www.streetpark.eu\/sl\/wp-json\/wp\/v2\/types\/page"}],"author":[{"embeddable":true,"href":"https:\/\/www.streetpark.eu\/sl\/wp-json\/wp\/v2\/users\/6"}],"replies":[{"embeddable":true,"href":"https:\/\/www.streetpark.eu\/sl\/wp-json\/wp\/v2\/comments?post=12674"}],"version-history":[{"count":8,"href":"https:\/\/www.streetpark.eu\/sl\/wp-json\/wp\/v2\/pages\/12674\/revisions"}],"predecessor-version":[{"id":19302,"href":"https:\/\/www.streetpark.eu\/sl\/wp-json\/wp\/v2\/pages\/12674\/revisions\/19302"}],"wp:attachment":[{"href":"https:\/\/www.streetpark.eu\/sl\/wp-json\/wp\/v2\/media?parent=12674"}],"curies":[{"name":"wp","href":"https:\/\/api.w.org\/{rel}","templated":true}]}}