{"id":12672,"date":"2017-11-23T10:20:12","date_gmt":"2017-11-23T09:20:12","guid":{"rendered":"http:\/\/vyvoj.streetpark.eu.server.atlatest.cz\/production-and-technology\/"},"modified":"2020-04-28T09:17:46","modified_gmt":"2020-04-28T07:17:46","slug":"proizvodnja-in-tehnologija","status":"publish","type":"page","link":"https:\/\/www.streetpark.eu\/sl\/proizvodnja-in-tehnologija\/","title":{"rendered":"Proizvodnja, tehnologija"},"content":{"rendered":"<p>Dizajn na\u0161ih proizvodov zagotavlja univerzalno uporabo. Kot neposredni proizvajalec lahko <strong>prilagodimo na\u0161e proizvode va\u0161im potrebam<\/strong>. \u00a0Po potrebi lahko prilagodimo dimenzije, barvo ali kombinacijo materialov, tako da urbana oprema v\u00a0celoti izpolni va\u0161a pri\u010dakovanja.<\/p>\n<p>Kljub maksimalni uporabi najnovej\u0161ih CNC tehnologij proizvodnja na\u0161e urbane opreme \u0161e <strong>vedno vklju\u010duje veliko ro\u010dnega dela<\/strong>. Pri proizvodnji posameznih komponent in pri njihovem sestavljanju cenimo ro\u010dne spretnosti na\u0161ih delavcev in profesionalnost na\u0161ih monterjev.<\/p>\n<p>&nbsp;<\/p>\n","protected":false},"excerpt":{"rendered":"<p>Dizajn na\u0161ih proizvodov zagotavlja univerzalno uporabo. Kot neposredni proizvajalec lahko prilagodimo na\u0161e proizvode va\u0161im potrebam. \u00a0Po potrebi lahko prilagodimo dimenzije, barvo ali kombinacijo materialov, tako da urbana oprema v\u00a0celoti izpolni va\u0161a pri\u010dakovanja. Kljub maksimalni uporabi najnovej\u0161ih CNC tehnologij proizvodnja na\u0161e &hellip; <a href=\"https:\/\/www.streetpark.eu\/sl\/proizvodnja-in-tehnologija\/\">Continued<\/a><\/p>\n","protected":false},"author":6,"featured_media":0,"parent":0,"menu_order":0,"comment_status":"closed","ping_status":"closed","template":"templates\/technology.php","meta":{"_acf_changed":false,"footnotes":""},"class_list":["post-12672","page","type-page","status-publish","hentry"],"acf":[],"yoast_head":"<!-- This site is optimized with the Yoast SEO plugin v26.9 - https:\/\/yoast.com\/product\/yoast-seo-wordpress\/ -->\n<title>Proizvodnja, tehnologija - M\u011bstsk\u00fd mobili\u00e1\u0159 STREETPARK<\/title>\n<meta name=\"robots\" content=\"index, follow, max-snippet:-1, max-image-preview:large, max-video-preview:-1\" \/>\n<link rel=\"canonical\" href=\"https:\/\/www.streetpark.eu\/sl\/proizvodnja-in-tehnologija\/\" \/>\n<meta property=\"og:locale\" content=\"sl_SI\" \/>\n<meta property=\"og:type\" content=\"article\" \/>\n<meta property=\"og:title\" content=\"Proizvodnja, tehnologija - M\u011bstsk\u00fd mobili\u00e1\u0159 STREETPARK\" \/>\n<meta property=\"og:description\" content=\"Dizajn na\u0161ih proizvodov zagotavlja univerzalno uporabo. Kot neposredni proizvajalec lahko prilagodimo na\u0161e proizvode va\u0161im potrebam. \u00a0Po potrebi lahko prilagodimo dimenzije, barvo ali kombinacijo materialov, tako da urbana oprema v\u00a0celoti izpolni va\u0161a pri\u010dakovanja. Kljub maksimalni uporabi najnovej\u0161ih CNC tehnologij proizvodnja na\u0161e &hellip; Continued\" \/>\n<meta property=\"og:url\" content=\"https:\/\/www.streetpark.eu\/sl\/proizvodnja-in-tehnologija\/\" \/>\n<meta property=\"og:site_name\" content=\"M\u011bstsk\u00fd mobili\u00e1\u0159 STREETPARK\" \/>\n<meta property=\"article:publisher\" content=\"https:\/\/www.facebook.com\/streetpark.eu\" \/>\n<meta property=\"article:modified_time\" content=\"2020-04-28T07:17:46+00:00\" \/>\n<meta name=\"twitter:card\" content=\"summary_large_image\" \/>\n<script type=\"application\/ld+json\" class=\"yoast-schema-graph\">{\"@context\":\"https:\/\/schema.org\",\"@graph\":[{\"@type\":\"WebPage\",\"@id\":\"https:\/\/www.streetpark.eu\/sl\/proizvodnja-in-tehnologija\/\",\"url\":\"https:\/\/www.streetpark.eu\/sl\/proizvodnja-in-tehnologija\/\",\"name\":\"Proizvodnja, tehnologija - M\u011bstsk\u00fd mobili\u00e1\u0159 STREETPARK\",\"isPartOf\":{\"@id\":\"https:\/\/www.streetpark.eu\/sl\/#website\"},\"datePublished\":\"2017-11-23T09:20:12+00:00\",\"dateModified\":\"2020-04-28T07:17:46+00:00\",\"breadcrumb\":{\"@id\":\"https:\/\/www.streetpark.eu\/sl\/proizvodnja-in-tehnologija\/#breadcrumb\"},\"inLanguage\":\"sl-SI\",\"potentialAction\":[{\"@type\":\"ReadAction\",\"target\":[\"https:\/\/www.streetpark.eu\/sl\/proizvodnja-in-tehnologija\/\"]}]},{\"@type\":\"BreadcrumbList\",\"@id\":\"https:\/\/www.streetpark.eu\/sl\/proizvodnja-in-tehnologija\/#breadcrumb\",\"itemListElement\":[{\"@type\":\"ListItem\",\"position\":1,\"name\":\"Dom\u016f\",\"item\":\"https:\/\/www.streetpark.eu\/sl\/\"},{\"@type\":\"ListItem\",\"position\":2,\"name\":\"Proizvodnja, tehnologija\"}]},{\"@type\":\"WebSite\",\"@id\":\"https:\/\/www.streetpark.eu\/sl\/#website\",\"url\":\"https:\/\/www.streetpark.eu\/sl\/\",\"name\":\"M\u011bstsk\u00fd mobili\u00e1\u0159 STREETPARK\",\"description\":\"STREETPARK jsou designov\u00e9 v\u00fdrobky, kter\u00e9 probud\u00ed va\u0161e city.\",\"publisher\":{\"@id\":\"https:\/\/www.streetpark.eu\/sl\/#organization\"},\"potentialAction\":[{\"@type\":\"SearchAction\",\"target\":{\"@type\":\"EntryPoint\",\"urlTemplate\":\"https:\/\/www.streetpark.eu\/sl\/?s={search_term_string}\"},\"query-input\":{\"@type\":\"PropertyValueSpecification\",\"valueRequired\":true,\"valueName\":\"search_term_string\"}}],\"inLanguage\":\"sl-SI\"},{\"@type\":\"Organization\",\"@id\":\"https:\/\/www.streetpark.eu\/sl\/#organization\",\"name\":\"M\u011bstsk\u00fd mobili\u00e1\u0159 STREETPARK\",\"url\":\"https:\/\/www.streetpark.eu\/sl\/\",\"logo\":{\"@type\":\"ImageObject\",\"inLanguage\":\"sl-SI\",\"@id\":\"https:\/\/www.streetpark.eu\/sl\/#\/schema\/logo\/image\/\",\"url\":\"https:\/\/www.streetpark.eu\/wp-content\/uploads\/2022\/10\/STREETPARK_zakladni-varianta_ochr.zona.png\",\"contentUrl\":\"https:\/\/www.streetpark.eu\/wp-content\/uploads\/2022\/10\/STREETPARK_zakladni-varianta_ochr.zona.png\",\"width\":1906,\"height\":575,\"caption\":\"M\u011bstsk\u00fd mobili\u00e1\u0159 STREETPARK\"},\"image\":{\"@id\":\"https:\/\/www.streetpark.eu\/sl\/#\/schema\/logo\/image\/\"},\"sameAs\":[\"https:\/\/www.facebook.com\/streetpark.eu\",\"https:\/\/www.instagram.com\/streetpark.eu\/\",\"https:\/\/www.linkedin.com\/company\/streetpark\",\"https:\/\/cz.pinterest.com\/streetparkurbanfurniture\/\"]}]}<\/script>\n<!-- \/ Yoast SEO plugin. -->","yoast_head_json":{"title":"Proizvodnja, tehnologija - M\u011bstsk\u00fd mobili\u00e1\u0159 STREETPARK","robots":{"index":"index","follow":"follow","max-snippet":"max-snippet:-1","max-image-preview":"max-image-preview:large","max-video-preview":"max-video-preview:-1"},"canonical":"https:\/\/www.streetpark.eu\/sl\/proizvodnja-in-tehnologija\/","og_locale":"sl_SI","og_type":"article","og_title":"Proizvodnja, tehnologija - M\u011bstsk\u00fd mobili\u00e1\u0159 STREETPARK","og_description":"Dizajn na\u0161ih proizvodov zagotavlja univerzalno uporabo. Kot neposredni proizvajalec lahko prilagodimo na\u0161e proizvode va\u0161im potrebam. \u00a0Po potrebi lahko prilagodimo dimenzije, barvo ali kombinacijo materialov, tako da urbana oprema v\u00a0celoti izpolni va\u0161a pri\u010dakovanja. Kljub maksimalni uporabi najnovej\u0161ih CNC tehnologij proizvodnja na\u0161e &hellip; Continued","og_url":"https:\/\/www.streetpark.eu\/sl\/proizvodnja-in-tehnologija\/","og_site_name":"M\u011bstsk\u00fd mobili\u00e1\u0159 STREETPARK","article_publisher":"https:\/\/www.facebook.com\/streetpark.eu","article_modified_time":"2020-04-28T07:17:46+00:00","twitter_card":"summary_large_image","schema":{"@context":"https:\/\/schema.org","@graph":[{"@type":"WebPage","@id":"https:\/\/www.streetpark.eu\/sl\/proizvodnja-in-tehnologija\/","url":"https:\/\/www.streetpark.eu\/sl\/proizvodnja-in-tehnologija\/","name":"Proizvodnja, tehnologija - M\u011bstsk\u00fd mobili\u00e1\u0159 STREETPARK","isPartOf":{"@id":"https:\/\/www.streetpark.eu\/sl\/#website"},"datePublished":"2017-11-23T09:20:12+00:00","dateModified":"2020-04-28T07:17:46+00:00","breadcrumb":{"@id":"https:\/\/www.streetpark.eu\/sl\/proizvodnja-in-tehnologija\/#breadcrumb"},"inLanguage":"sl-SI","potentialAction":[{"@type":"ReadAction","target":["https:\/\/www.streetpark.eu\/sl\/proizvodnja-in-tehnologija\/"]}]},{"@type":"BreadcrumbList","@id":"https:\/\/www.streetpark.eu\/sl\/proizvodnja-in-tehnologija\/#breadcrumb","itemListElement":[{"@type":"ListItem","position":1,"name":"Dom\u016f","item":"https:\/\/www.streetpark.eu\/sl\/"},{"@type":"ListItem","position":2,"name":"Proizvodnja, tehnologija"}]},{"@type":"WebSite","@id":"https:\/\/www.streetpark.eu\/sl\/#website","url":"https:\/\/www.streetpark.eu\/sl\/","name":"M\u011bstsk\u00fd mobili\u00e1\u0159 STREETPARK","description":"STREETPARK jsou designov\u00e9 v\u00fdrobky, kter\u00e9 probud\u00ed va\u0161e city.","publisher":{"@id":"https:\/\/www.streetpark.eu\/sl\/#organization"},"potentialAction":[{"@type":"SearchAction","target":{"@type":"EntryPoint","urlTemplate":"https:\/\/www.streetpark.eu\/sl\/?s={search_term_string}"},"query-input":{"@type":"PropertyValueSpecification","valueRequired":true,"valueName":"search_term_string"}}],"inLanguage":"sl-SI"},{"@type":"Organization","@id":"https:\/\/www.streetpark.eu\/sl\/#organization","name":"M\u011bstsk\u00fd mobili\u00e1\u0159 STREETPARK","url":"https:\/\/www.streetpark.eu\/sl\/","logo":{"@type":"ImageObject","inLanguage":"sl-SI","@id":"https:\/\/www.streetpark.eu\/sl\/#\/schema\/logo\/image\/","url":"https:\/\/www.streetpark.eu\/wp-content\/uploads\/2022\/10\/STREETPARK_zakladni-varianta_ochr.zona.png","contentUrl":"https:\/\/www.streetpark.eu\/wp-content\/uploads\/2022\/10\/STREETPARK_zakladni-varianta_ochr.zona.png","width":1906,"height":575,"caption":"M\u011bstsk\u00fd mobili\u00e1\u0159 STREETPARK"},"image":{"@id":"https:\/\/www.streetpark.eu\/sl\/#\/schema\/logo\/image\/"},"sameAs":["https:\/\/www.facebook.com\/streetpark.eu","https:\/\/www.instagram.com\/streetpark.eu\/","https:\/\/www.linkedin.com\/company\/streetpark","https:\/\/cz.pinterest.com\/streetparkurbanfurniture\/"]}]}},"_links":{"self":[{"href":"https:\/\/www.streetpark.eu\/sl\/wp-json\/wp\/v2\/pages\/12672","targetHints":{"allow":["GET"]}}],"collection":[{"href":"https:\/\/www.streetpark.eu\/sl\/wp-json\/wp\/v2\/pages"}],"about":[{"href":"https:\/\/www.streetpark.eu\/sl\/wp-json\/wp\/v2\/types\/page"}],"author":[{"embeddable":true,"href":"https:\/\/www.streetpark.eu\/sl\/wp-json\/wp\/v2\/users\/6"}],"replies":[{"embeddable":true,"href":"https:\/\/www.streetpark.eu\/sl\/wp-json\/wp\/v2\/comments?post=12672"}],"version-history":[{"count":7,"href":"https:\/\/www.streetpark.eu\/sl\/wp-json\/wp\/v2\/pages\/12672\/revisions"}],"predecessor-version":[{"id":19942,"href":"https:\/\/www.streetpark.eu\/sl\/wp-json\/wp\/v2\/pages\/12672\/revisions\/19942"}],"wp:attachment":[{"href":"https:\/\/www.streetpark.eu\/sl\/wp-json\/wp\/v2\/media?parent=12672"}],"curies":[{"name":"wp","href":"https:\/\/api.w.org\/{rel}","templated":true}]}}