{"id":12670,"date":"2018-04-23T08:36:39","date_gmt":"2018-04-23T06:36:39","guid":{"rendered":"http:\/\/vyvoj.streetpark.eu.server.atlatest.cz\/our-story\/"},"modified":"2020-01-31T13:05:10","modified_gmt":"2020-01-31T12:05:10","slug":"nasa-zgodba","status":"publish","type":"page","link":"https:\/\/www.streetpark.eu\/sl\/nasa-zgodba\/","title":{"rendered":"Na\u0161a zgodba"},"content":{"rendered":"<p>Urbano opremo smo pri\u010deli na\u010drtovati pod blagovno znamko BLACKBOX. Pri\u010deli smo uresni\u010devati svoje projekte in postopoma celovito raz\u0161irili na\u0161o proizvodnjo. <strong>Proizvodnja urbane opreme<\/strong> je dobila blagovno znamko MOBILIARPRO, ki je formalno pripadala BLACKBOX Ltd.<\/p>\n<p>Odlo\u010dili smo se, da bomo urbano opremo lo\u010dili od BLACKBOX-a in jo vklju\u010dili v\u00a0novo ustanovljeno dru\u017ebo z\u00a0imenom STREETPARK. F<strong>unkcionalna oblika in kakovost<\/strong> urbane opreme pod blagovno znamko STREETPARK bosta vedno <strong>na prvem mestu<\/strong>. Del na\u0161ih storitev smo izlo\u010dili in jim dodelili novo ime. Vse drugo, na kar ste navajeni in zaradi \u010desar radi uporabljate na\u0161e proizvode, bo ostalo enako.<\/p>\n<p>Kakovost in funkcionalna oblika imata dolo\u010deno ceno. Izdelujemo brez\u010dasno pohi\u0161tvo, ki na\u0161e uporabnike nagovarja danes in jih bo tudi \u010dez mnogo let. Trudimo se, da strankam zagotovimo <strong>dolgotrajno uporabnost<\/strong> na\u0161ih proizvodov. Zahvaljujo\u010d kulturi, visoko razviti logistiki in sortimentu na\u0161ega podjetja lahko vsakomur nudimo ugodne cene.<\/p>\n<p><img loading=\"lazy\" decoding=\"async\" class=\"alignnone wp-image-6311 \" src=\"https:\/\/www.streetpark.eu\/wp-content\/uploads\/2018\/10\/streetpark-team-500x333.jpg\" alt=\"\" width=\"983\" height=\"655\" srcset=\"https:\/\/www.streetpark.eu\/wp-content\/uploads\/2018\/10\/streetpark-team-500x333.jpg 500w, https:\/\/www.streetpark.eu\/wp-content\/uploads\/2018\/10\/streetpark-team-150x100.jpg 150w, https:\/\/www.streetpark.eu\/wp-content\/uploads\/2018\/10\/streetpark-team-768x512.jpg 768w, https:\/\/www.streetpark.eu\/wp-content\/uploads\/2018\/10\/streetpark-team-1024x683.jpg 1024w, https:\/\/www.streetpark.eu\/wp-content\/uploads\/2018\/10\/streetpark-team.jpg 1200w\" sizes=\"auto, (max-width: 983px) 100vw, 983px\" \/><\/p>\n","protected":false},"excerpt":{"rendered":"<p>Urbano opremo smo pri\u010deli na\u010drtovati pod blagovno znamko BLACKBOX. Pri\u010deli smo uresni\u010devati svoje projekte in postopoma celovito raz\u0161irili na\u0161o proizvodnjo. Proizvodnja urbane opreme je dobila blagovno znamko MOBILIARPRO, ki je formalno pripadala BLACKBOX Ltd. Odlo\u010dili smo se, da bomo urbano &hellip; <a href=\"https:\/\/www.streetpark.eu\/sl\/nasa-zgodba\/\">Continued<\/a><\/p>\n","protected":false},"author":6,"featured_media":0,"parent":0,"menu_order":0,"comment_status":"closed","ping_status":"closed","template":"templates\/our-story.php","meta":{"_acf_changed":false,"footnotes":""},"class_list":["post-12670","page","type-page","status-publish","hentry"],"acf":[],"yoast_head":"<!-- This site is optimized with the Yoast SEO plugin v26.9 - https:\/\/yoast.com\/product\/yoast-seo-wordpress\/ -->\n<title>Na\u0161a zgodba - M\u011bstsk\u00fd mobili\u00e1\u0159 STREETPARK<\/title>\n<meta name=\"description\" content=\"We are STREETPARK - our design products will awaken your city. We produce urban furniture for the 21st century. From park benches to drinkers and fountains.\" \/>\n<meta name=\"robots\" content=\"index, follow, max-snippet:-1, max-image-preview:large, max-video-preview:-1\" \/>\n<link rel=\"canonical\" href=\"https:\/\/www.streetpark.eu\/sl\/nasa-zgodba\/\" \/>\n<meta property=\"og:locale\" content=\"sl_SI\" \/>\n<meta property=\"og:type\" content=\"article\" \/>\n<meta property=\"og:title\" content=\"Na\u0161a zgodba - M\u011bstsk\u00fd mobili\u00e1\u0159 STREETPARK\" \/>\n<meta property=\"og:description\" content=\"We are STREETPARK - our design products will awaken your city. We produce urban furniture for the 21st century. From park benches to drinkers and fountains.\" \/>\n<meta property=\"og:url\" content=\"https:\/\/www.streetpark.eu\/sl\/nasa-zgodba\/\" \/>\n<meta property=\"og:site_name\" content=\"M\u011bstsk\u00fd mobili\u00e1\u0159 STREETPARK\" \/>\n<meta property=\"article:publisher\" content=\"https:\/\/www.facebook.com\/streetpark.eu\" \/>\n<meta property=\"article:modified_time\" content=\"2020-01-31T12:05:10+00:00\" \/>\n<meta property=\"og:image\" content=\"https:\/\/www.streetpark.eu\/wp-content\/uploads\/2018\/10\/streetpark-team-500x333.jpg\" \/>\n<meta name=\"twitter:card\" content=\"summary_large_image\" \/>\n<meta name=\"twitter:label1\" content=\"Est. reading time\" \/>\n\t<meta name=\"twitter:data1\" content=\"1 minuta\" \/>\n<script type=\"application\/ld+json\" class=\"yoast-schema-graph\">{\"@context\":\"https:\/\/schema.org\",\"@graph\":[{\"@type\":\"WebPage\",\"@id\":\"https:\/\/www.streetpark.eu\/sl\/nasa-zgodba\/\",\"url\":\"https:\/\/www.streetpark.eu\/sl\/nasa-zgodba\/\",\"name\":\"Na\u0161a zgodba - M\u011bstsk\u00fd mobili\u00e1\u0159 STREETPARK\",\"isPartOf\":{\"@id\":\"https:\/\/www.streetpark.eu\/sl\/#website\"},\"primaryImageOfPage\":{\"@id\":\"https:\/\/www.streetpark.eu\/sl\/nasa-zgodba\/#primaryimage\"},\"image\":{\"@id\":\"https:\/\/www.streetpark.eu\/sl\/nasa-zgodba\/#primaryimage\"},\"thumbnailUrl\":\"https:\/\/www.streetpark.eu\/wp-content\/uploads\/2018\/10\/streetpark-team-500x333.jpg\",\"datePublished\":\"2018-04-23T06:36:39+00:00\",\"dateModified\":\"2020-01-31T12:05:10+00:00\",\"description\":\"We are STREETPARK - our design products will awaken your city. We produce urban furniture for the 21st century. From park benches to drinkers and fountains.\",\"breadcrumb\":{\"@id\":\"https:\/\/www.streetpark.eu\/sl\/nasa-zgodba\/#breadcrumb\"},\"inLanguage\":\"sl-SI\",\"potentialAction\":[{\"@type\":\"ReadAction\",\"target\":[\"https:\/\/www.streetpark.eu\/sl\/nasa-zgodba\/\"]}]},{\"@type\":\"ImageObject\",\"inLanguage\":\"sl-SI\",\"@id\":\"https:\/\/www.streetpark.eu\/sl\/nasa-zgodba\/#primaryimage\",\"url\":\"https:\/\/www.streetpark.eu\/wp-content\/uploads\/2018\/10\/streetpark-team-500x333.jpg\",\"contentUrl\":\"https:\/\/www.streetpark.eu\/wp-content\/uploads\/2018\/10\/streetpark-team-500x333.jpg\"},{\"@type\":\"BreadcrumbList\",\"@id\":\"https:\/\/www.streetpark.eu\/sl\/nasa-zgodba\/#breadcrumb\",\"itemListElement\":[{\"@type\":\"ListItem\",\"position\":1,\"name\":\"Dom\u016f\",\"item\":\"https:\/\/www.streetpark.eu\/sl\/\"},{\"@type\":\"ListItem\",\"position\":2,\"name\":\"Na\u0161a zgodba\"}]},{\"@type\":\"WebSite\",\"@id\":\"https:\/\/www.streetpark.eu\/sl\/#website\",\"url\":\"https:\/\/www.streetpark.eu\/sl\/\",\"name\":\"M\u011bstsk\u00fd mobili\u00e1\u0159 STREETPARK\",\"description\":\"STREETPARK jsou designov\u00e9 v\u00fdrobky, kter\u00e9 probud\u00ed va\u0161e city.\",\"publisher\":{\"@id\":\"https:\/\/www.streetpark.eu\/sl\/#organization\"},\"potentialAction\":[{\"@type\":\"SearchAction\",\"target\":{\"@type\":\"EntryPoint\",\"urlTemplate\":\"https:\/\/www.streetpark.eu\/sl\/?s={search_term_string}\"},\"query-input\":{\"@type\":\"PropertyValueSpecification\",\"valueRequired\":true,\"valueName\":\"search_term_string\"}}],\"inLanguage\":\"sl-SI\"},{\"@type\":\"Organization\",\"@id\":\"https:\/\/www.streetpark.eu\/sl\/#organization\",\"name\":\"M\u011bstsk\u00fd mobili\u00e1\u0159 STREETPARK\",\"url\":\"https:\/\/www.streetpark.eu\/sl\/\",\"logo\":{\"@type\":\"ImageObject\",\"inLanguage\":\"sl-SI\",\"@id\":\"https:\/\/www.streetpark.eu\/sl\/#\/schema\/logo\/image\/\",\"url\":\"https:\/\/www.streetpark.eu\/wp-content\/uploads\/2022\/10\/STREETPARK_zakladni-varianta_ochr.zona.png\",\"contentUrl\":\"https:\/\/www.streetpark.eu\/wp-content\/uploads\/2022\/10\/STREETPARK_zakladni-varianta_ochr.zona.png\",\"width\":1906,\"height\":575,\"caption\":\"M\u011bstsk\u00fd mobili\u00e1\u0159 STREETPARK\"},\"image\":{\"@id\":\"https:\/\/www.streetpark.eu\/sl\/#\/schema\/logo\/image\/\"},\"sameAs\":[\"https:\/\/www.facebook.com\/streetpark.eu\",\"https:\/\/www.instagram.com\/streetpark.eu\/\",\"https:\/\/www.linkedin.com\/company\/streetpark\",\"https:\/\/cz.pinterest.com\/streetparkurbanfurniture\/\"]}]}<\/script>\n<!-- \/ Yoast SEO plugin. -->","yoast_head_json":{"title":"Na\u0161a zgodba - M\u011bstsk\u00fd mobili\u00e1\u0159 STREETPARK","description":"We are STREETPARK - our design products will awaken your city. We produce urban furniture for the 21st century. From park benches to drinkers and fountains.","robots":{"index":"index","follow":"follow","max-snippet":"max-snippet:-1","max-image-preview":"max-image-preview:large","max-video-preview":"max-video-preview:-1"},"canonical":"https:\/\/www.streetpark.eu\/sl\/nasa-zgodba\/","og_locale":"sl_SI","og_type":"article","og_title":"Na\u0161a zgodba - M\u011bstsk\u00fd mobili\u00e1\u0159 STREETPARK","og_description":"We are STREETPARK - our design products will awaken your city. We produce urban furniture for the 21st century. From park benches to drinkers and fountains.","og_url":"https:\/\/www.streetpark.eu\/sl\/nasa-zgodba\/","og_site_name":"M\u011bstsk\u00fd mobili\u00e1\u0159 STREETPARK","article_publisher":"https:\/\/www.facebook.com\/streetpark.eu","article_modified_time":"2020-01-31T12:05:10+00:00","og_image":[{"url":"https:\/\/www.streetpark.eu\/wp-content\/uploads\/2018\/10\/streetpark-team-500x333.jpg","type":"","width":"","height":""}],"twitter_card":"summary_large_image","twitter_misc":{"Est. reading time":"1 minuta"},"schema":{"@context":"https:\/\/schema.org","@graph":[{"@type":"WebPage","@id":"https:\/\/www.streetpark.eu\/sl\/nasa-zgodba\/","url":"https:\/\/www.streetpark.eu\/sl\/nasa-zgodba\/","name":"Na\u0161a zgodba - M\u011bstsk\u00fd mobili\u00e1\u0159 STREETPARK","isPartOf":{"@id":"https:\/\/www.streetpark.eu\/sl\/#website"},"primaryImageOfPage":{"@id":"https:\/\/www.streetpark.eu\/sl\/nasa-zgodba\/#primaryimage"},"image":{"@id":"https:\/\/www.streetpark.eu\/sl\/nasa-zgodba\/#primaryimage"},"thumbnailUrl":"https:\/\/www.streetpark.eu\/wp-content\/uploads\/2018\/10\/streetpark-team-500x333.jpg","datePublished":"2018-04-23T06:36:39+00:00","dateModified":"2020-01-31T12:05:10+00:00","description":"We are STREETPARK - our design products will awaken your city. We produce urban furniture for the 21st century. From park benches to drinkers and fountains.","breadcrumb":{"@id":"https:\/\/www.streetpark.eu\/sl\/nasa-zgodba\/#breadcrumb"},"inLanguage":"sl-SI","potentialAction":[{"@type":"ReadAction","target":["https:\/\/www.streetpark.eu\/sl\/nasa-zgodba\/"]}]},{"@type":"ImageObject","inLanguage":"sl-SI","@id":"https:\/\/www.streetpark.eu\/sl\/nasa-zgodba\/#primaryimage","url":"https:\/\/www.streetpark.eu\/wp-content\/uploads\/2018\/10\/streetpark-team-500x333.jpg","contentUrl":"https:\/\/www.streetpark.eu\/wp-content\/uploads\/2018\/10\/streetpark-team-500x333.jpg"},{"@type":"BreadcrumbList","@id":"https:\/\/www.streetpark.eu\/sl\/nasa-zgodba\/#breadcrumb","itemListElement":[{"@type":"ListItem","position":1,"name":"Dom\u016f","item":"https:\/\/www.streetpark.eu\/sl\/"},{"@type":"ListItem","position":2,"name":"Na\u0161a zgodba"}]},{"@type":"WebSite","@id":"https:\/\/www.streetpark.eu\/sl\/#website","url":"https:\/\/www.streetpark.eu\/sl\/","name":"M\u011bstsk\u00fd mobili\u00e1\u0159 STREETPARK","description":"STREETPARK jsou designov\u00e9 v\u00fdrobky, kter\u00e9 probud\u00ed va\u0161e city.","publisher":{"@id":"https:\/\/www.streetpark.eu\/sl\/#organization"},"potentialAction":[{"@type":"SearchAction","target":{"@type":"EntryPoint","urlTemplate":"https:\/\/www.streetpark.eu\/sl\/?s={search_term_string}"},"query-input":{"@type":"PropertyValueSpecification","valueRequired":true,"valueName":"search_term_string"}}],"inLanguage":"sl-SI"},{"@type":"Organization","@id":"https:\/\/www.streetpark.eu\/sl\/#organization","name":"M\u011bstsk\u00fd mobili\u00e1\u0159 STREETPARK","url":"https:\/\/www.streetpark.eu\/sl\/","logo":{"@type":"ImageObject","inLanguage":"sl-SI","@id":"https:\/\/www.streetpark.eu\/sl\/#\/schema\/logo\/image\/","url":"https:\/\/www.streetpark.eu\/wp-content\/uploads\/2022\/10\/STREETPARK_zakladni-varianta_ochr.zona.png","contentUrl":"https:\/\/www.streetpark.eu\/wp-content\/uploads\/2022\/10\/STREETPARK_zakladni-varianta_ochr.zona.png","width":1906,"height":575,"caption":"M\u011bstsk\u00fd mobili\u00e1\u0159 STREETPARK"},"image":{"@id":"https:\/\/www.streetpark.eu\/sl\/#\/schema\/logo\/image\/"},"sameAs":["https:\/\/www.facebook.com\/streetpark.eu","https:\/\/www.instagram.com\/streetpark.eu\/","https:\/\/www.linkedin.com\/company\/streetpark","https:\/\/cz.pinterest.com\/streetparkurbanfurniture\/"]}]}},"_links":{"self":[{"href":"https:\/\/www.streetpark.eu\/sl\/wp-json\/wp\/v2\/pages\/12670","targetHints":{"allow":["GET"]}}],"collection":[{"href":"https:\/\/www.streetpark.eu\/sl\/wp-json\/wp\/v2\/pages"}],"about":[{"href":"https:\/\/www.streetpark.eu\/sl\/wp-json\/wp\/v2\/types\/page"}],"author":[{"embeddable":true,"href":"https:\/\/www.streetpark.eu\/sl\/wp-json\/wp\/v2\/users\/6"}],"replies":[{"embeddable":true,"href":"https:\/\/www.streetpark.eu\/sl\/wp-json\/wp\/v2\/comments?post=12670"}],"version-history":[{"count":7,"href":"https:\/\/www.streetpark.eu\/sl\/wp-json\/wp\/v2\/pages\/12670\/revisions"}],"predecessor-version":[{"id":18985,"href":"https:\/\/www.streetpark.eu\/sl\/wp-json\/wp\/v2\/pages\/12670\/revisions\/18985"}],"wp:attachment":[{"href":"https:\/\/www.streetpark.eu\/sl\/wp-json\/wp\/v2\/media?parent=12670"}],"curies":[{"name":"wp","href":"https:\/\/api.w.org\/{rel}","templated":true}]}}