{"id":12669,"date":"2018-10-01T09:20:18","date_gmt":"2018-10-01T07:20:18","guid":{"rendered":"http:\/\/vyvoj.streetpark.eu.server.atlatest.cz\/gdpr\/"},"modified":"2021-12-16T09:29:27","modified_gmt":"2021-12-16T08:29:27","slug":"gdpr","status":"publish","type":"page","link":"https:\/\/www.streetpark.eu\/sl\/gdpr\/","title":{"rendered":"GDPR"},"content":{"rendered":"<p>V\u00a0skladu z\u00a0Uredbo o za\u0161\u010diti splo\u0161nih podatkov GDPR (Uredba (EU) 2016\/679 Evropskega parlamenta in Sveta z\u00a0dne 27. aprila 2016 o za\u0161\u010diti fizi\u010dnih oseb glede obdelave osebnih podatkov in o prostem pretoku tak\u0161nih podatkov), vas moramo obvestiti o tem, katere va\u0161e osebne podatke zbiramo. Predvsem vklju\u010dujejo va\u0161 elektronski naslov, telefon v\u00a0slu\u017ebi, ime in priimek, lahko pa tudi va\u0161 polo\u017eaj ali izobrazbo.<\/p>\n<p>Osebne podatke obdelujemo za namen izvajanja na\u0161ih poslovnih dejavnosti, sklepanje pogodb s kupci in dobavitelji in izvr\u0161evanje pogodbenih obveznosti in marketin\u0161ke aktivnosti (po\u0161iljanje informacij o novicah, novih izdelkih in referencah projektov po e-po\u0161ti).\u00a0Za ta namen nam va\u0161e osebne podatke zaupate popolnoma prostovoljno.<\/p>\n<p>Nobenih drugih va\u0161ih podatkov ne hranimo in ne obdelujemo.<\/p>\n<p>Va\u0161ih osebnih podatkov ne posredujemo tretjim osebam brez predhodnega va\u0161ega soglasja.<\/p>\n<p>Osebne podatke obdelujemo in hranimo za obdobje, ki je potrebno za zagotavljanje pravic in obveznosti, ki izhajajo iz pogodb, in tako dolgo, kot nas k\u00a0hranjenju teh podatkov obvezujejo splo\u0161ni pravni predpisi.<\/p>\n<p>\u010ce imate kakr\u0161nakoli vpra\u0161anja ali pripombe, smo vam na razpolago. Prosimo, da nas kontaktirate tudi v\u00a0primeru, ko bi \u017eeleli, da va\u0161e osebne podatke izbri\u0161emo ali spremenimo.<\/p>\n","protected":false},"excerpt":{"rendered":"<p>V\u00a0skladu z\u00a0Uredbo o za\u0161\u010diti splo\u0161nih podatkov GDPR (Uredba (EU) 2016\/679 Evropskega parlamenta in Sveta z\u00a0dne 27. aprila 2016 o za\u0161\u010diti fizi\u010dnih oseb glede obdelave osebnih podatkov in o prostem pretoku tak\u0161nih podatkov), vas moramo obvestiti o tem, katere va\u0161e osebne &hellip; <a href=\"https:\/\/www.streetpark.eu\/sl\/gdpr\/\">Continued<\/a><\/p>\n","protected":false},"author":6,"featured_media":0,"parent":0,"menu_order":0,"comment_status":"closed","ping_status":"closed","template":"","meta":{"_acf_changed":false,"footnotes":""},"class_list":["post-12669","page","type-page","status-publish","hentry"],"acf":[],"yoast_head":"<!-- This site is optimized with the Yoast SEO plugin v26.9 - https:\/\/yoast.com\/product\/yoast-seo-wordpress\/ -->\n<title>GDPR - M\u011bstsk\u00fd mobili\u00e1\u0159 STREETPARK<\/title>\n<meta name=\"robots\" content=\"index, follow, max-snippet:-1, max-image-preview:large, max-video-preview:-1\" \/>\n<link rel=\"canonical\" href=\"https:\/\/www.streetpark.eu\/sl\/gdpr\/\" \/>\n<meta property=\"og:locale\" content=\"sl_SI\" \/>\n<meta property=\"og:type\" content=\"article\" \/>\n<meta property=\"og:title\" content=\"GDPR - M\u011bstsk\u00fd mobili\u00e1\u0159 STREETPARK\" \/>\n<meta property=\"og:description\" content=\"V\u00a0skladu z\u00a0Uredbo o za\u0161\u010diti splo\u0161nih podatkov GDPR (Uredba (EU) 2016\/679 Evropskega parlamenta in Sveta z\u00a0dne 27. aprila 2016 o za\u0161\u010diti fizi\u010dnih oseb glede obdelave osebnih podatkov in o prostem pretoku tak\u0161nih podatkov), vas moramo obvestiti o tem, katere va\u0161e osebne &hellip; Continued\" \/>\n<meta property=\"og:url\" content=\"https:\/\/www.streetpark.eu\/sl\/gdpr\/\" \/>\n<meta property=\"og:site_name\" content=\"M\u011bstsk\u00fd mobili\u00e1\u0159 STREETPARK\" \/>\n<meta property=\"article:publisher\" content=\"https:\/\/www.facebook.com\/streetpark.eu\" \/>\n<meta property=\"article:modified_time\" content=\"2021-12-16T08:29:27+00:00\" \/>\n<meta name=\"twitter:card\" content=\"summary_large_image\" \/>\n<meta name=\"twitter:label1\" content=\"Est. reading time\" \/>\n\t<meta name=\"twitter:data1\" content=\"1 minuta\" \/>\n<script type=\"application\/ld+json\" class=\"yoast-schema-graph\">{\"@context\":\"https:\/\/schema.org\",\"@graph\":[{\"@type\":\"WebPage\",\"@id\":\"https:\/\/www.streetpark.eu\/sl\/gdpr\/\",\"url\":\"https:\/\/www.streetpark.eu\/sl\/gdpr\/\",\"name\":\"GDPR - M\u011bstsk\u00fd mobili\u00e1\u0159 STREETPARK\",\"isPartOf\":{\"@id\":\"https:\/\/www.streetpark.eu\/sl\/#website\"},\"datePublished\":\"2018-10-01T07:20:18+00:00\",\"dateModified\":\"2021-12-16T08:29:27+00:00\",\"breadcrumb\":{\"@id\":\"https:\/\/www.streetpark.eu\/sl\/gdpr\/#breadcrumb\"},\"inLanguage\":\"sl-SI\",\"potentialAction\":[{\"@type\":\"ReadAction\",\"target\":[\"https:\/\/www.streetpark.eu\/sl\/gdpr\/\"]}]},{\"@type\":\"BreadcrumbList\",\"@id\":\"https:\/\/www.streetpark.eu\/sl\/gdpr\/#breadcrumb\",\"itemListElement\":[{\"@type\":\"ListItem\",\"position\":1,\"name\":\"Dom\u016f\",\"item\":\"https:\/\/www.streetpark.eu\/sl\/\"},{\"@type\":\"ListItem\",\"position\":2,\"name\":\"GDPR\"}]},{\"@type\":\"WebSite\",\"@id\":\"https:\/\/www.streetpark.eu\/sl\/#website\",\"url\":\"https:\/\/www.streetpark.eu\/sl\/\",\"name\":\"M\u011bstsk\u00fd mobili\u00e1\u0159 STREETPARK\",\"description\":\"STREETPARK jsou designov\u00e9 v\u00fdrobky, kter\u00e9 probud\u00ed va\u0161e city.\",\"publisher\":{\"@id\":\"https:\/\/www.streetpark.eu\/sl\/#organization\"},\"potentialAction\":[{\"@type\":\"SearchAction\",\"target\":{\"@type\":\"EntryPoint\",\"urlTemplate\":\"https:\/\/www.streetpark.eu\/sl\/?s={search_term_string}\"},\"query-input\":{\"@type\":\"PropertyValueSpecification\",\"valueRequired\":true,\"valueName\":\"search_term_string\"}}],\"inLanguage\":\"sl-SI\"},{\"@type\":\"Organization\",\"@id\":\"https:\/\/www.streetpark.eu\/sl\/#organization\",\"name\":\"M\u011bstsk\u00fd mobili\u00e1\u0159 STREETPARK\",\"url\":\"https:\/\/www.streetpark.eu\/sl\/\",\"logo\":{\"@type\":\"ImageObject\",\"inLanguage\":\"sl-SI\",\"@id\":\"https:\/\/www.streetpark.eu\/sl\/#\/schema\/logo\/image\/\",\"url\":\"https:\/\/www.streetpark.eu\/wp-content\/uploads\/2022\/10\/STREETPARK_zakladni-varianta_ochr.zona.png\",\"contentUrl\":\"https:\/\/www.streetpark.eu\/wp-content\/uploads\/2022\/10\/STREETPARK_zakladni-varianta_ochr.zona.png\",\"width\":1906,\"height\":575,\"caption\":\"M\u011bstsk\u00fd mobili\u00e1\u0159 STREETPARK\"},\"image\":{\"@id\":\"https:\/\/www.streetpark.eu\/sl\/#\/schema\/logo\/image\/\"},\"sameAs\":[\"https:\/\/www.facebook.com\/streetpark.eu\",\"https:\/\/www.instagram.com\/streetpark.eu\/\",\"https:\/\/www.linkedin.com\/company\/streetpark\",\"https:\/\/cz.pinterest.com\/streetparkurbanfurniture\/\"]}]}<\/script>\n<!-- \/ Yoast SEO plugin. -->","yoast_head_json":{"title":"GDPR - M\u011bstsk\u00fd mobili\u00e1\u0159 STREETPARK","robots":{"index":"index","follow":"follow","max-snippet":"max-snippet:-1","max-image-preview":"max-image-preview:large","max-video-preview":"max-video-preview:-1"},"canonical":"https:\/\/www.streetpark.eu\/sl\/gdpr\/","og_locale":"sl_SI","og_type":"article","og_title":"GDPR - M\u011bstsk\u00fd mobili\u00e1\u0159 STREETPARK","og_description":"V\u00a0skladu z\u00a0Uredbo o za\u0161\u010diti splo\u0161nih podatkov GDPR (Uredba (EU) 2016\/679 Evropskega parlamenta in Sveta z\u00a0dne 27. aprila 2016 o za\u0161\u010diti fizi\u010dnih oseb glede obdelave osebnih podatkov in o prostem pretoku tak\u0161nih podatkov), vas moramo obvestiti o tem, katere va\u0161e osebne &hellip; Continued","og_url":"https:\/\/www.streetpark.eu\/sl\/gdpr\/","og_site_name":"M\u011bstsk\u00fd mobili\u00e1\u0159 STREETPARK","article_publisher":"https:\/\/www.facebook.com\/streetpark.eu","article_modified_time":"2021-12-16T08:29:27+00:00","twitter_card":"summary_large_image","twitter_misc":{"Est. reading time":"1 minuta"},"schema":{"@context":"https:\/\/schema.org","@graph":[{"@type":"WebPage","@id":"https:\/\/www.streetpark.eu\/sl\/gdpr\/","url":"https:\/\/www.streetpark.eu\/sl\/gdpr\/","name":"GDPR - M\u011bstsk\u00fd mobili\u00e1\u0159 STREETPARK","isPartOf":{"@id":"https:\/\/www.streetpark.eu\/sl\/#website"},"datePublished":"2018-10-01T07:20:18+00:00","dateModified":"2021-12-16T08:29:27+00:00","breadcrumb":{"@id":"https:\/\/www.streetpark.eu\/sl\/gdpr\/#breadcrumb"},"inLanguage":"sl-SI","potentialAction":[{"@type":"ReadAction","target":["https:\/\/www.streetpark.eu\/sl\/gdpr\/"]}]},{"@type":"BreadcrumbList","@id":"https:\/\/www.streetpark.eu\/sl\/gdpr\/#breadcrumb","itemListElement":[{"@type":"ListItem","position":1,"name":"Dom\u016f","item":"https:\/\/www.streetpark.eu\/sl\/"},{"@type":"ListItem","position":2,"name":"GDPR"}]},{"@type":"WebSite","@id":"https:\/\/www.streetpark.eu\/sl\/#website","url":"https:\/\/www.streetpark.eu\/sl\/","name":"M\u011bstsk\u00fd mobili\u00e1\u0159 STREETPARK","description":"STREETPARK jsou designov\u00e9 v\u00fdrobky, kter\u00e9 probud\u00ed va\u0161e city.","publisher":{"@id":"https:\/\/www.streetpark.eu\/sl\/#organization"},"potentialAction":[{"@type":"SearchAction","target":{"@type":"EntryPoint","urlTemplate":"https:\/\/www.streetpark.eu\/sl\/?s={search_term_string}"},"query-input":{"@type":"PropertyValueSpecification","valueRequired":true,"valueName":"search_term_string"}}],"inLanguage":"sl-SI"},{"@type":"Organization","@id":"https:\/\/www.streetpark.eu\/sl\/#organization","name":"M\u011bstsk\u00fd mobili\u00e1\u0159 STREETPARK","url":"https:\/\/www.streetpark.eu\/sl\/","logo":{"@type":"ImageObject","inLanguage":"sl-SI","@id":"https:\/\/www.streetpark.eu\/sl\/#\/schema\/logo\/image\/","url":"https:\/\/www.streetpark.eu\/wp-content\/uploads\/2022\/10\/STREETPARK_zakladni-varianta_ochr.zona.png","contentUrl":"https:\/\/www.streetpark.eu\/wp-content\/uploads\/2022\/10\/STREETPARK_zakladni-varianta_ochr.zona.png","width":1906,"height":575,"caption":"M\u011bstsk\u00fd mobili\u00e1\u0159 STREETPARK"},"image":{"@id":"https:\/\/www.streetpark.eu\/sl\/#\/schema\/logo\/image\/"},"sameAs":["https:\/\/www.facebook.com\/streetpark.eu","https:\/\/www.instagram.com\/streetpark.eu\/","https:\/\/www.linkedin.com\/company\/streetpark","https:\/\/cz.pinterest.com\/streetparkurbanfurniture\/"]}]}},"_links":{"self":[{"href":"https:\/\/www.streetpark.eu\/sl\/wp-json\/wp\/v2\/pages\/12669","targetHints":{"allow":["GET"]}}],"collection":[{"href":"https:\/\/www.streetpark.eu\/sl\/wp-json\/wp\/v2\/pages"}],"about":[{"href":"https:\/\/www.streetpark.eu\/sl\/wp-json\/wp\/v2\/types\/page"}],"author":[{"embeddable":true,"href":"https:\/\/www.streetpark.eu\/sl\/wp-json\/wp\/v2\/users\/6"}],"replies":[{"embeddable":true,"href":"https:\/\/www.streetpark.eu\/sl\/wp-json\/wp\/v2\/comments?post=12669"}],"version-history":[{"count":7,"href":"https:\/\/www.streetpark.eu\/sl\/wp-json\/wp\/v2\/pages\/12669\/revisions"}],"predecessor-version":[{"id":25994,"href":"https:\/\/www.streetpark.eu\/sl\/wp-json\/wp\/v2\/pages\/12669\/revisions\/25994"}],"wp:attachment":[{"href":"https:\/\/www.streetpark.eu\/sl\/wp-json\/wp\/v2\/media?parent=12669"}],"curies":[{"name":"wp","href":"https:\/\/api.w.org\/{rel}","templated":true}]}}