{"id":98,"date":"2017-11-14T12:37:41","date_gmt":"2017-11-14T11:37:41","guid":{"rendered":"http:\/\/www.streetpark.cz.server.atlatest.cz\/?page_id=98"},"modified":"2019-01-15T11:26:42","modified_gmt":"2019-01-15T10:26:42","slug":"realizace","status":"publish","type":"page","link":"https:\/\/www.streetpark.eu\/cs\/realizace\/","title":{"rendered":"Realizace"},"content":{"rendered":"<p>Ka\u017ed\u00e1 obec \u010di m\u011bsto jsou pro n\u00e1s stejn\u011b d\u016fle\u017eit\u00e9. Ke ka\u017ed\u00e9mu projektu p\u0159istupujeme tak, aby ve\u0159ejn\u00fd prostor, na kter\u00e9m m\u00e1me mo\u017enost se pod\u00edlet, byl dob\u0159e vy\u0159e\u0161en nejen z hlediska po\u017eadovan\u00e9 funkce, ale i svou estetickou kvalitou kultivoval dan\u00e9 m\u00edsto. Spr\u00e1vn\u011b zvolen\u00fd mobili\u00e1\u0159 je odpov\u011bd\u00ed na souhru v\u0161ech dot\u010den\u00fdch osob a org\u00e1n\u016f \u2013 radn\u00edch, developer\u016f, architekt\u016f, stavebn\u00edch firem a v neposledn\u00ed \u0159ad\u011b n\u00e1s \u2013 v\u00fdrobc\u016f a dodavatel\u016f. Zde uv\u00e1d\u00edme n\u011bkolik p\u0159\u00edklad\u016f rozmanit\u00fdch realizac\u00ed. Jsou r\u016fzn\u00e9 jak objemem dod\u00e1vky, tak i pou\u017eit\u00fdm mobili\u00e1\u0159em i celkovou atmosf\u00e9rou cel\u00e9ho d\u00edla.<\/p>\n","protected":false},"excerpt":{"rendered":"<p>Ka\u017ed\u00e1 obec \u010di m\u011bsto jsou pro n\u00e1s stejn\u011b d\u016fle\u017eit\u00e9. Ke ka\u017ed\u00e9mu projektu p\u0159istupujeme tak, aby ve\u0159ejn\u00fd prostor, na kter\u00e9m m\u00e1me mo\u017enost se pod\u00edlet, byl dob\u0159e vy\u0159e\u0161en nejen z hlediska po\u017eadovan\u00e9 funkce, ale i svou estetickou kvalitou kultivoval dan\u00e9 m\u00edsto. Spr\u00e1vn\u011b &hellip; <a href=\"https:\/\/www.streetpark.eu\/cs\/realizace\/\">Continued<\/a><\/p>\n","protected":false},"author":6,"featured_media":0,"parent":0,"menu_order":0,"comment_status":"closed","ping_status":"closed","template":"taxonomy-realizace.php","meta":{"_acf_changed":false,"footnotes":""},"class_list":["post-98","page","type-page","status-publish","hentry"],"acf":[],"yoast_head":"<!-- This site is optimized with the Yoast SEO plugin v26.9 - https:\/\/yoast.com\/product\/yoast-seo-wordpress\/ -->\n<title>Realizace m\u011bstsk\u00e9ho vybaven\u00ed - M\u011bstsk\u00fd mobili\u00e1\u0159 STREETPARK<\/title>\n<meta name=\"description\" content=\"Prohl\u00e9dn\u011bt\u011b si na\u0161e realizace m\u011bstsk\u00e9ho mobili\u00e1\u0159e - Parkov\u00e9 lavi\u010dky, odpadkov\u00e9 ko\u0161e, stromov\u00e9 m\u0159\u00ed\u017ee, n\u00e1doby na zele\u0148 a dal\u0161\u00ed mobili\u00e1\u0159.\" \/>\n<meta name=\"robots\" content=\"index, follow, max-snippet:-1, max-image-preview:large, max-video-preview:-1\" \/>\n<link rel=\"canonical\" href=\"https:\/\/www.streetpark.eu\/cs\/realizace\/\" \/>\n<meta property=\"og:locale\" content=\"cs_CZ\" \/>\n<meta property=\"og:type\" content=\"article\" \/>\n<meta property=\"og:title\" content=\"Realizace m\u011bstsk\u00e9ho vybaven\u00ed - M\u011bstsk\u00fd mobili\u00e1\u0159 STREETPARK\" \/>\n<meta property=\"og:description\" content=\"Prohl\u00e9dn\u011bt\u011b si na\u0161e realizace m\u011bstsk\u00e9ho mobili\u00e1\u0159e - Parkov\u00e9 lavi\u010dky, odpadkov\u00e9 ko\u0161e, stromov\u00e9 m\u0159\u00ed\u017ee, n\u00e1doby na zele\u0148 a dal\u0161\u00ed mobili\u00e1\u0159.\" \/>\n<meta property=\"og:url\" content=\"https:\/\/www.streetpark.eu\/cs\/realizace\/\" \/>\n<meta property=\"og:site_name\" content=\"M\u011bstsk\u00fd mobili\u00e1\u0159 STREETPARK\" \/>\n<meta property=\"article:publisher\" content=\"https:\/\/www.facebook.com\/streetpark.eu\" \/>\n<meta property=\"article:modified_time\" content=\"2019-01-15T10:26:42+00:00\" \/>\n<meta name=\"twitter:card\" content=\"summary_large_image\" \/>\n<meta name=\"twitter:label1\" content=\"Odhadovan\u00e1 doba \u010dten\u00ed\" \/>\n\t<meta name=\"twitter:data1\" content=\"1 minuta\" \/>\n<script type=\"application\/ld+json\" class=\"yoast-schema-graph\">{\"@context\":\"https:\/\/schema.org\",\"@graph\":[{\"@type\":\"WebPage\",\"@id\":\"https:\/\/www.streetpark.eu\/cs\/realizace\/\",\"url\":\"https:\/\/www.streetpark.eu\/cs\/realizace\/\",\"name\":\"Realizace m\u011bstsk\u00e9ho vybaven\u00ed - M\u011bstsk\u00fd mobili\u00e1\u0159 STREETPARK\",\"isPartOf\":{\"@id\":\"https:\/\/www.streetpark.eu\/cs\/#website\"},\"datePublished\":\"2017-11-14T11:37:41+00:00\",\"dateModified\":\"2019-01-15T10:26:42+00:00\",\"description\":\"Prohl\u00e9dn\u011bt\u011b si na\u0161e realizace m\u011bstsk\u00e9ho mobili\u00e1\u0159e - Parkov\u00e9 lavi\u010dky, odpadkov\u00e9 ko\u0161e, stromov\u00e9 m\u0159\u00ed\u017ee, n\u00e1doby na zele\u0148 a dal\u0161\u00ed mobili\u00e1\u0159.\",\"breadcrumb\":{\"@id\":\"https:\/\/www.streetpark.eu\/cs\/realizace\/#breadcrumb\"},\"inLanguage\":\"cs\",\"potentialAction\":[{\"@type\":\"ReadAction\",\"target\":[\"https:\/\/www.streetpark.eu\/cs\/realizace\/\"]}]},{\"@type\":\"BreadcrumbList\",\"@id\":\"https:\/\/www.streetpark.eu\/cs\/realizace\/#breadcrumb\",\"itemListElement\":[{\"@type\":\"ListItem\",\"position\":1,\"name\":\"Dom\u016f\",\"item\":\"https:\/\/www.streetpark.eu\/cs\/\"},{\"@type\":\"ListItem\",\"position\":2,\"name\":\"Realizace\"}]},{\"@type\":\"WebSite\",\"@id\":\"https:\/\/www.streetpark.eu\/cs\/#website\",\"url\":\"https:\/\/www.streetpark.eu\/cs\/\",\"name\":\"M\u011bstsk\u00fd mobili\u00e1\u0159 STREETPARK\",\"description\":\"STREETPARK jsou designov\u00e9 v\u00fdrobky, kter\u00e9 probud\u00ed va\u0161e city.\",\"publisher\":{\"@id\":\"https:\/\/www.streetpark.eu\/cs\/#organization\"},\"potentialAction\":[{\"@type\":\"SearchAction\",\"target\":{\"@type\":\"EntryPoint\",\"urlTemplate\":\"https:\/\/www.streetpark.eu\/cs\/?s={search_term_string}\"},\"query-input\":{\"@type\":\"PropertyValueSpecification\",\"valueRequired\":true,\"valueName\":\"search_term_string\"}}],\"inLanguage\":\"cs\"},{\"@type\":\"Organization\",\"@id\":\"https:\/\/www.streetpark.eu\/cs\/#organization\",\"name\":\"M\u011bstsk\u00fd mobili\u00e1\u0159 STREETPARK\",\"url\":\"https:\/\/www.streetpark.eu\/cs\/\",\"logo\":{\"@type\":\"ImageObject\",\"inLanguage\":\"cs\",\"@id\":\"https:\/\/www.streetpark.eu\/cs\/#\/schema\/logo\/image\/\",\"url\":\"https:\/\/www.streetpark.eu\/wp-content\/uploads\/2022\/10\/STREETPARK_zakladni-varianta_ochr.zona.png\",\"contentUrl\":\"https:\/\/www.streetpark.eu\/wp-content\/uploads\/2022\/10\/STREETPARK_zakladni-varianta_ochr.zona.png\",\"width\":1906,\"height\":575,\"caption\":\"M\u011bstsk\u00fd mobili\u00e1\u0159 STREETPARK\"},\"image\":{\"@id\":\"https:\/\/www.streetpark.eu\/cs\/#\/schema\/logo\/image\/\"},\"sameAs\":[\"https:\/\/www.facebook.com\/streetpark.eu\",\"https:\/\/www.instagram.com\/streetpark.eu\/\",\"https:\/\/www.linkedin.com\/company\/streetpark\",\"https:\/\/cz.pinterest.com\/streetparkurbanfurniture\/\"]}]}<\/script>\n<!-- \/ Yoast SEO plugin. -->","yoast_head_json":{"title":"Realizace m\u011bstsk\u00e9ho vybaven\u00ed - M\u011bstsk\u00fd mobili\u00e1\u0159 STREETPARK","description":"Prohl\u00e9dn\u011bt\u011b si na\u0161e realizace m\u011bstsk\u00e9ho mobili\u00e1\u0159e - Parkov\u00e9 lavi\u010dky, odpadkov\u00e9 ko\u0161e, stromov\u00e9 m\u0159\u00ed\u017ee, n\u00e1doby na zele\u0148 a dal\u0161\u00ed mobili\u00e1\u0159.","robots":{"index":"index","follow":"follow","max-snippet":"max-snippet:-1","max-image-preview":"max-image-preview:large","max-video-preview":"max-video-preview:-1"},"canonical":"https:\/\/www.streetpark.eu\/cs\/realizace\/","og_locale":"cs_CZ","og_type":"article","og_title":"Realizace m\u011bstsk\u00e9ho vybaven\u00ed - M\u011bstsk\u00fd mobili\u00e1\u0159 STREETPARK","og_description":"Prohl\u00e9dn\u011bt\u011b si na\u0161e realizace m\u011bstsk\u00e9ho mobili\u00e1\u0159e - Parkov\u00e9 lavi\u010dky, odpadkov\u00e9 ko\u0161e, stromov\u00e9 m\u0159\u00ed\u017ee, n\u00e1doby na zele\u0148 a dal\u0161\u00ed mobili\u00e1\u0159.","og_url":"https:\/\/www.streetpark.eu\/cs\/realizace\/","og_site_name":"M\u011bstsk\u00fd mobili\u00e1\u0159 STREETPARK","article_publisher":"https:\/\/www.facebook.com\/streetpark.eu","article_modified_time":"2019-01-15T10:26:42+00:00","twitter_card":"summary_large_image","twitter_misc":{"Odhadovan\u00e1 doba \u010dten\u00ed":"1 minuta"},"schema":{"@context":"https:\/\/schema.org","@graph":[{"@type":"WebPage","@id":"https:\/\/www.streetpark.eu\/cs\/realizace\/","url":"https:\/\/www.streetpark.eu\/cs\/realizace\/","name":"Realizace m\u011bstsk\u00e9ho vybaven\u00ed - M\u011bstsk\u00fd mobili\u00e1\u0159 STREETPARK","isPartOf":{"@id":"https:\/\/www.streetpark.eu\/cs\/#website"},"datePublished":"2017-11-14T11:37:41+00:00","dateModified":"2019-01-15T10:26:42+00:00","description":"Prohl\u00e9dn\u011bt\u011b si na\u0161e realizace m\u011bstsk\u00e9ho mobili\u00e1\u0159e - Parkov\u00e9 lavi\u010dky, odpadkov\u00e9 ko\u0161e, stromov\u00e9 m\u0159\u00ed\u017ee, n\u00e1doby na zele\u0148 a dal\u0161\u00ed mobili\u00e1\u0159.","breadcrumb":{"@id":"https:\/\/www.streetpark.eu\/cs\/realizace\/#breadcrumb"},"inLanguage":"cs","potentialAction":[{"@type":"ReadAction","target":["https:\/\/www.streetpark.eu\/cs\/realizace\/"]}]},{"@type":"BreadcrumbList","@id":"https:\/\/www.streetpark.eu\/cs\/realizace\/#breadcrumb","itemListElement":[{"@type":"ListItem","position":1,"name":"Dom\u016f","item":"https:\/\/www.streetpark.eu\/cs\/"},{"@type":"ListItem","position":2,"name":"Realizace"}]},{"@type":"WebSite","@id":"https:\/\/www.streetpark.eu\/cs\/#website","url":"https:\/\/www.streetpark.eu\/cs\/","name":"M\u011bstsk\u00fd mobili\u00e1\u0159 STREETPARK","description":"STREETPARK jsou designov\u00e9 v\u00fdrobky, kter\u00e9 probud\u00ed va\u0161e city.","publisher":{"@id":"https:\/\/www.streetpark.eu\/cs\/#organization"},"potentialAction":[{"@type":"SearchAction","target":{"@type":"EntryPoint","urlTemplate":"https:\/\/www.streetpark.eu\/cs\/?s={search_term_string}"},"query-input":{"@type":"PropertyValueSpecification","valueRequired":true,"valueName":"search_term_string"}}],"inLanguage":"cs"},{"@type":"Organization","@id":"https:\/\/www.streetpark.eu\/cs\/#organization","name":"M\u011bstsk\u00fd mobili\u00e1\u0159 STREETPARK","url":"https:\/\/www.streetpark.eu\/cs\/","logo":{"@type":"ImageObject","inLanguage":"cs","@id":"https:\/\/www.streetpark.eu\/cs\/#\/schema\/logo\/image\/","url":"https:\/\/www.streetpark.eu\/wp-content\/uploads\/2022\/10\/STREETPARK_zakladni-varianta_ochr.zona.png","contentUrl":"https:\/\/www.streetpark.eu\/wp-content\/uploads\/2022\/10\/STREETPARK_zakladni-varianta_ochr.zona.png","width":1906,"height":575,"caption":"M\u011bstsk\u00fd mobili\u00e1\u0159 STREETPARK"},"image":{"@id":"https:\/\/www.streetpark.eu\/cs\/#\/schema\/logo\/image\/"},"sameAs":["https:\/\/www.facebook.com\/streetpark.eu","https:\/\/www.instagram.com\/streetpark.eu\/","https:\/\/www.linkedin.com\/company\/streetpark","https:\/\/cz.pinterest.com\/streetparkurbanfurniture\/"]}]}},"_links":{"self":[{"href":"https:\/\/www.streetpark.eu\/cs\/wp-json\/wp\/v2\/pages\/98","targetHints":{"allow":["GET"]}}],"collection":[{"href":"https:\/\/www.streetpark.eu\/cs\/wp-json\/wp\/v2\/pages"}],"about":[{"href":"https:\/\/www.streetpark.eu\/cs\/wp-json\/wp\/v2\/types\/page"}],"author":[{"embeddable":true,"href":"https:\/\/www.streetpark.eu\/cs\/wp-json\/wp\/v2\/users\/6"}],"replies":[{"embeddable":true,"href":"https:\/\/www.streetpark.eu\/cs\/wp-json\/wp\/v2\/comments?post=98"}],"version-history":[{"count":1,"href":"https:\/\/www.streetpark.eu\/cs\/wp-json\/wp\/v2\/pages\/98\/revisions"}],"predecessor-version":[{"id":7522,"href":"https:\/\/www.streetpark.eu\/cs\/wp-json\/wp\/v2\/pages\/98\/revisions\/7522"}],"wp:attachment":[{"href":"https:\/\/www.streetpark.eu\/cs\/wp-json\/wp\/v2\/media?parent=98"}],"curies":[{"name":"wp","href":"https:\/\/api.w.org\/{rel}","templated":true}]}}