{"id":93,"date":"2017-11-14T12:36:33","date_gmt":"2017-11-14T11:36:33","guid":{"rendered":"http:\/\/www.streetpark.cz.server.atlatest.cz\/?page_id=93"},"modified":"2019-01-15T12:56:34","modified_gmt":"2019-01-15T11:56:34","slug":"nas-pribeh","status":"publish","type":"page","link":"https:\/\/www.streetpark.eu\/cs\/nas-pribeh\/","title":{"rendered":"N\u00e1\u0161 p\u0159\u00edb\u011bh"},"content":{"rendered":"<p>M\u011bstsk\u00fd mobili\u00e1\u0159 jsme za\u010dali navrhovat v r\u00e1mci designov\u00e9ho studia BLACKBOX. Na\u0161e n\u00e1vrhy jsme za\u010dali i realizovat a postupn\u011b jsme na\u0161i produkci roz\u0161\u00ed\u0159ili v <strong>plnohodnotn\u00fd v\u00fdvoj a v\u00fdrobu mobili\u00e1\u0159e<\/strong> pod obchodn\u00ed zna\u010dkou Mobiliarpro, kter\u00e1 st\u00e1le form\u00e1ln\u011b spadala pod BLACKBOX.<\/p>\n<p>Rozhodli jsme m\u011bstsk\u00fd mobili\u00e1\u0159 vy\u010dlenit pod nov\u011b vzniklou spole\u010dnost STREETPARK. V m\u011bstsk\u00e9m mobili\u00e1\u0159i dod\u00e1van\u00e9m pod zna\u010dkou STREETPARK bude <strong>v\u017edy na prvn\u00edm m\u00edst\u011b funk\u010dn\u00ed design a kvalita<\/strong>. Odd\u011blujeme \u010d\u00e1st na\u0161ich slu\u017eeb a d\u00e1v\u00e1me jim nov\u00e9 jm\u00e9no. Z\u016fst\u00e1v\u00e1 v\u0161e ostatn\u00ed, na co jste byli zvykl\u00ed a pro\u010d jste si na\u0161e exteri\u00e9rov\u00e9 v\u00fdrobky obl\u00edbili.<\/p>\n<p>Kvalita a funk\u010dn\u00ed design maj\u00ed svoj\u00ed cenu. Vyr\u00e1b\u00edme mobili\u00e1\u0159 nad\u010dasov\u00fd, kter\u00fd oslov\u00ed u\u017eivatele te\u010f i za mnoho let. Sna\u017e\u00edme se, aby z\u00e1kazn\u00edk z\u00edskal v\u00a0na\u0161ich v\u00fdrobc\u00edch<strong> dlouhodobou hodnotu<\/strong>. D\u00edky na\u0161\u00ed firemn\u00ed kultu\u0159e, propracovan\u00e9 logistice a promy\u0161len\u00e9mu portfoliu produkt\u016f m\u016f\u017eeme nab\u00eddnout p\u0159\u00edzniv\u00e9 ceny opravdu ka\u017ed\u00e9mu.<\/p>\n<p><img loading=\"lazy\" decoding=\"async\" class=\"alignnone wp-image-6312 \" src=\"https:\/\/www.streetpark.eu\/wp-content\/uploads\/2018\/10\/streetpark-team-500x333.jpg\" alt=\"\" width=\"974\" height=\"648\" srcset=\"https:\/\/www.streetpark.eu\/wp-content\/uploads\/2018\/10\/streetpark-team-500x333.jpg 500w, https:\/\/www.streetpark.eu\/wp-content\/uploads\/2018\/10\/streetpark-team-150x100.jpg 150w, https:\/\/www.streetpark.eu\/wp-content\/uploads\/2018\/10\/streetpark-team-768x512.jpg 768w, https:\/\/www.streetpark.eu\/wp-content\/uploads\/2018\/10\/streetpark-team.jpg 1200w\" sizes=\"auto, (max-width: 974px) 100vw, 974px\" \/><\/p>\n","protected":false},"excerpt":{"rendered":"<p>M\u011bstsk\u00fd mobili\u00e1\u0159 jsme za\u010dali navrhovat v r\u00e1mci designov\u00e9ho studia BLACKBOX. Na\u0161e n\u00e1vrhy jsme za\u010dali i realizovat a postupn\u011b jsme na\u0161i produkci roz\u0161\u00ed\u0159ili v plnohodnotn\u00fd v\u00fdvoj a v\u00fdrobu mobili\u00e1\u0159e pod obchodn\u00ed zna\u010dkou Mobiliarpro, kter\u00e1 st\u00e1le form\u00e1ln\u011b spadala pod BLACKBOX. Rozhodli jsme &hellip; <a href=\"https:\/\/www.streetpark.eu\/cs\/nas-pribeh\/\">Continued<\/a><\/p>\n","protected":false},"author":6,"featured_media":0,"parent":0,"menu_order":0,"comment_status":"closed","ping_status":"closed","template":"templates\/our-story.php","meta":{"_acf_changed":false,"footnotes":""},"class_list":["post-93","page","type-page","status-publish","hentry"],"acf":[],"yoast_head":"<!-- This site is optimized with the Yoast SEO plugin v26.9 - https:\/\/yoast.com\/product\/yoast-seo-wordpress\/ -->\n<title>N\u00e1\u0161 p\u0159\u00edb\u011bh - M\u011bstsk\u00fd mobili\u00e1\u0159 STREETPARK<\/title>\n<meta name=\"description\" content=\"Jsme STREETPARK - designov\u00e9 v\u00fdrobky, kter\u00e9 probud\u00ed va\u0161e city. Vyr\u00e1b\u00edme m\u011bstsk\u00fd mobili\u00e1\u0159 pro 21. stolet\u00ed. Od parkov\u00fdch lavi\u010dek po p\u00edtka a fotnt\u00e1ny.\" \/>\n<meta name=\"robots\" content=\"index, follow, max-snippet:-1, max-image-preview:large, max-video-preview:-1\" \/>\n<link rel=\"canonical\" href=\"https:\/\/www.streetpark.eu\/cs\/nas-pribeh\/\" \/>\n<meta property=\"og:locale\" content=\"cs_CZ\" \/>\n<meta property=\"og:type\" content=\"article\" \/>\n<meta property=\"og:title\" content=\"N\u00e1\u0161 p\u0159\u00edb\u011bh - M\u011bstsk\u00fd mobili\u00e1\u0159 STREETPARK\" \/>\n<meta property=\"og:description\" content=\"Jsme STREETPARK - designov\u00e9 v\u00fdrobky, kter\u00e9 probud\u00ed va\u0161e city. Vyr\u00e1b\u00edme m\u011bstsk\u00fd mobili\u00e1\u0159 pro 21. stolet\u00ed. Od parkov\u00fdch lavi\u010dek po p\u00edtka a fotnt\u00e1ny.\" \/>\n<meta property=\"og:url\" content=\"https:\/\/www.streetpark.eu\/cs\/nas-pribeh\/\" \/>\n<meta property=\"og:site_name\" content=\"M\u011bstsk\u00fd mobili\u00e1\u0159 STREETPARK\" \/>\n<meta property=\"article:publisher\" content=\"https:\/\/www.facebook.com\/streetpark.eu\" \/>\n<meta property=\"article:modified_time\" content=\"2019-01-15T11:56:34+00:00\" \/>\n<meta property=\"og:image\" content=\"https:\/\/www.streetpark.eu\/wp-content\/uploads\/2018\/10\/streetpark-team-500x333.jpg\" \/>\n<meta name=\"twitter:card\" content=\"summary_large_image\" \/>\n<meta name=\"twitter:label1\" content=\"Odhadovan\u00e1 doba \u010dten\u00ed\" \/>\n\t<meta name=\"twitter:data1\" content=\"1 minuta\" \/>\n<script type=\"application\/ld+json\" class=\"yoast-schema-graph\">{\"@context\":\"https:\/\/schema.org\",\"@graph\":[{\"@type\":\"WebPage\",\"@id\":\"https:\/\/www.streetpark.eu\/cs\/nas-pribeh\/\",\"url\":\"https:\/\/www.streetpark.eu\/cs\/nas-pribeh\/\",\"name\":\"N\u00e1\u0161 p\u0159\u00edb\u011bh - M\u011bstsk\u00fd mobili\u00e1\u0159 STREETPARK\",\"isPartOf\":{\"@id\":\"https:\/\/www.streetpark.eu\/cs\/#website\"},\"primaryImageOfPage\":{\"@id\":\"https:\/\/www.streetpark.eu\/cs\/nas-pribeh\/#primaryimage\"},\"image\":{\"@id\":\"https:\/\/www.streetpark.eu\/cs\/nas-pribeh\/#primaryimage\"},\"thumbnailUrl\":\"https:\/\/www.streetpark.eu\/wp-content\/uploads\/2018\/10\/streetpark-team-500x333.jpg\",\"datePublished\":\"2017-11-14T11:36:33+00:00\",\"dateModified\":\"2019-01-15T11:56:34+00:00\",\"description\":\"Jsme STREETPARK - designov\u00e9 v\u00fdrobky, kter\u00e9 probud\u00ed va\u0161e city. Vyr\u00e1b\u00edme m\u011bstsk\u00fd mobili\u00e1\u0159 pro 21. stolet\u00ed. Od parkov\u00fdch lavi\u010dek po p\u00edtka a fotnt\u00e1ny.\",\"breadcrumb\":{\"@id\":\"https:\/\/www.streetpark.eu\/cs\/nas-pribeh\/#breadcrumb\"},\"inLanguage\":\"cs\",\"potentialAction\":[{\"@type\":\"ReadAction\",\"target\":[\"https:\/\/www.streetpark.eu\/cs\/nas-pribeh\/\"]}]},{\"@type\":\"ImageObject\",\"inLanguage\":\"cs\",\"@id\":\"https:\/\/www.streetpark.eu\/cs\/nas-pribeh\/#primaryimage\",\"url\":\"https:\/\/www.streetpark.eu\/wp-content\/uploads\/2018\/10\/streetpark-team-500x333.jpg\",\"contentUrl\":\"https:\/\/www.streetpark.eu\/wp-content\/uploads\/2018\/10\/streetpark-team-500x333.jpg\"},{\"@type\":\"BreadcrumbList\",\"@id\":\"https:\/\/www.streetpark.eu\/cs\/nas-pribeh\/#breadcrumb\",\"itemListElement\":[{\"@type\":\"ListItem\",\"position\":1,\"name\":\"Dom\u016f\",\"item\":\"https:\/\/www.streetpark.eu\/cs\/\"},{\"@type\":\"ListItem\",\"position\":2,\"name\":\"N\u00e1\u0161 p\u0159\u00edb\u011bh\"}]},{\"@type\":\"WebSite\",\"@id\":\"https:\/\/www.streetpark.eu\/cs\/#website\",\"url\":\"https:\/\/www.streetpark.eu\/cs\/\",\"name\":\"M\u011bstsk\u00fd mobili\u00e1\u0159 STREETPARK\",\"description\":\"STREETPARK jsou designov\u00e9 v\u00fdrobky, kter\u00e9 probud\u00ed va\u0161e city.\",\"publisher\":{\"@id\":\"https:\/\/www.streetpark.eu\/cs\/#organization\"},\"potentialAction\":[{\"@type\":\"SearchAction\",\"target\":{\"@type\":\"EntryPoint\",\"urlTemplate\":\"https:\/\/www.streetpark.eu\/cs\/?s={search_term_string}\"},\"query-input\":{\"@type\":\"PropertyValueSpecification\",\"valueRequired\":true,\"valueName\":\"search_term_string\"}}],\"inLanguage\":\"cs\"},{\"@type\":\"Organization\",\"@id\":\"https:\/\/www.streetpark.eu\/cs\/#organization\",\"name\":\"M\u011bstsk\u00fd mobili\u00e1\u0159 STREETPARK\",\"url\":\"https:\/\/www.streetpark.eu\/cs\/\",\"logo\":{\"@type\":\"ImageObject\",\"inLanguage\":\"cs\",\"@id\":\"https:\/\/www.streetpark.eu\/cs\/#\/schema\/logo\/image\/\",\"url\":\"https:\/\/www.streetpark.eu\/wp-content\/uploads\/2022\/10\/STREETPARK_zakladni-varianta_ochr.zona.png\",\"contentUrl\":\"https:\/\/www.streetpark.eu\/wp-content\/uploads\/2022\/10\/STREETPARK_zakladni-varianta_ochr.zona.png\",\"width\":1906,\"height\":575,\"caption\":\"M\u011bstsk\u00fd mobili\u00e1\u0159 STREETPARK\"},\"image\":{\"@id\":\"https:\/\/www.streetpark.eu\/cs\/#\/schema\/logo\/image\/\"},\"sameAs\":[\"https:\/\/www.facebook.com\/streetpark.eu\",\"https:\/\/www.instagram.com\/streetpark.eu\/\",\"https:\/\/www.linkedin.com\/company\/streetpark\",\"https:\/\/cz.pinterest.com\/streetparkurbanfurniture\/\"]}]}<\/script>\n<!-- \/ Yoast SEO plugin. -->","yoast_head_json":{"title":"N\u00e1\u0161 p\u0159\u00edb\u011bh - M\u011bstsk\u00fd mobili\u00e1\u0159 STREETPARK","description":"Jsme STREETPARK - designov\u00e9 v\u00fdrobky, kter\u00e9 probud\u00ed va\u0161e city. Vyr\u00e1b\u00edme m\u011bstsk\u00fd mobili\u00e1\u0159 pro 21. stolet\u00ed. Od parkov\u00fdch lavi\u010dek po p\u00edtka a fotnt\u00e1ny.","robots":{"index":"index","follow":"follow","max-snippet":"max-snippet:-1","max-image-preview":"max-image-preview:large","max-video-preview":"max-video-preview:-1"},"canonical":"https:\/\/www.streetpark.eu\/cs\/nas-pribeh\/","og_locale":"cs_CZ","og_type":"article","og_title":"N\u00e1\u0161 p\u0159\u00edb\u011bh - M\u011bstsk\u00fd mobili\u00e1\u0159 STREETPARK","og_description":"Jsme STREETPARK - designov\u00e9 v\u00fdrobky, kter\u00e9 probud\u00ed va\u0161e city. Vyr\u00e1b\u00edme m\u011bstsk\u00fd mobili\u00e1\u0159 pro 21. stolet\u00ed. Od parkov\u00fdch lavi\u010dek po p\u00edtka a fotnt\u00e1ny.","og_url":"https:\/\/www.streetpark.eu\/cs\/nas-pribeh\/","og_site_name":"M\u011bstsk\u00fd mobili\u00e1\u0159 STREETPARK","article_publisher":"https:\/\/www.facebook.com\/streetpark.eu","article_modified_time":"2019-01-15T11:56:34+00:00","og_image":[{"url":"https:\/\/www.streetpark.eu\/wp-content\/uploads\/2018\/10\/streetpark-team-500x333.jpg","type":"","width":"","height":""}],"twitter_card":"summary_large_image","twitter_misc":{"Odhadovan\u00e1 doba \u010dten\u00ed":"1 minuta"},"schema":{"@context":"https:\/\/schema.org","@graph":[{"@type":"WebPage","@id":"https:\/\/www.streetpark.eu\/cs\/nas-pribeh\/","url":"https:\/\/www.streetpark.eu\/cs\/nas-pribeh\/","name":"N\u00e1\u0161 p\u0159\u00edb\u011bh - M\u011bstsk\u00fd mobili\u00e1\u0159 STREETPARK","isPartOf":{"@id":"https:\/\/www.streetpark.eu\/cs\/#website"},"primaryImageOfPage":{"@id":"https:\/\/www.streetpark.eu\/cs\/nas-pribeh\/#primaryimage"},"image":{"@id":"https:\/\/www.streetpark.eu\/cs\/nas-pribeh\/#primaryimage"},"thumbnailUrl":"https:\/\/www.streetpark.eu\/wp-content\/uploads\/2018\/10\/streetpark-team-500x333.jpg","datePublished":"2017-11-14T11:36:33+00:00","dateModified":"2019-01-15T11:56:34+00:00","description":"Jsme STREETPARK - designov\u00e9 v\u00fdrobky, kter\u00e9 probud\u00ed va\u0161e city. Vyr\u00e1b\u00edme m\u011bstsk\u00fd mobili\u00e1\u0159 pro 21. stolet\u00ed. Od parkov\u00fdch lavi\u010dek po p\u00edtka a fotnt\u00e1ny.","breadcrumb":{"@id":"https:\/\/www.streetpark.eu\/cs\/nas-pribeh\/#breadcrumb"},"inLanguage":"cs","potentialAction":[{"@type":"ReadAction","target":["https:\/\/www.streetpark.eu\/cs\/nas-pribeh\/"]}]},{"@type":"ImageObject","inLanguage":"cs","@id":"https:\/\/www.streetpark.eu\/cs\/nas-pribeh\/#primaryimage","url":"https:\/\/www.streetpark.eu\/wp-content\/uploads\/2018\/10\/streetpark-team-500x333.jpg","contentUrl":"https:\/\/www.streetpark.eu\/wp-content\/uploads\/2018\/10\/streetpark-team-500x333.jpg"},{"@type":"BreadcrumbList","@id":"https:\/\/www.streetpark.eu\/cs\/nas-pribeh\/#breadcrumb","itemListElement":[{"@type":"ListItem","position":1,"name":"Dom\u016f","item":"https:\/\/www.streetpark.eu\/cs\/"},{"@type":"ListItem","position":2,"name":"N\u00e1\u0161 p\u0159\u00edb\u011bh"}]},{"@type":"WebSite","@id":"https:\/\/www.streetpark.eu\/cs\/#website","url":"https:\/\/www.streetpark.eu\/cs\/","name":"M\u011bstsk\u00fd mobili\u00e1\u0159 STREETPARK","description":"STREETPARK jsou designov\u00e9 v\u00fdrobky, kter\u00e9 probud\u00ed va\u0161e city.","publisher":{"@id":"https:\/\/www.streetpark.eu\/cs\/#organization"},"potentialAction":[{"@type":"SearchAction","target":{"@type":"EntryPoint","urlTemplate":"https:\/\/www.streetpark.eu\/cs\/?s={search_term_string}"},"query-input":{"@type":"PropertyValueSpecification","valueRequired":true,"valueName":"search_term_string"}}],"inLanguage":"cs"},{"@type":"Organization","@id":"https:\/\/www.streetpark.eu\/cs\/#organization","name":"M\u011bstsk\u00fd mobili\u00e1\u0159 STREETPARK","url":"https:\/\/www.streetpark.eu\/cs\/","logo":{"@type":"ImageObject","inLanguage":"cs","@id":"https:\/\/www.streetpark.eu\/cs\/#\/schema\/logo\/image\/","url":"https:\/\/www.streetpark.eu\/wp-content\/uploads\/2022\/10\/STREETPARK_zakladni-varianta_ochr.zona.png","contentUrl":"https:\/\/www.streetpark.eu\/wp-content\/uploads\/2022\/10\/STREETPARK_zakladni-varianta_ochr.zona.png","width":1906,"height":575,"caption":"M\u011bstsk\u00fd mobili\u00e1\u0159 STREETPARK"},"image":{"@id":"https:\/\/www.streetpark.eu\/cs\/#\/schema\/logo\/image\/"},"sameAs":["https:\/\/www.facebook.com\/streetpark.eu","https:\/\/www.instagram.com\/streetpark.eu\/","https:\/\/www.linkedin.com\/company\/streetpark","https:\/\/cz.pinterest.com\/streetparkurbanfurniture\/"]}]}},"_links":{"self":[{"href":"https:\/\/www.streetpark.eu\/cs\/wp-json\/wp\/v2\/pages\/93","targetHints":{"allow":["GET"]}}],"collection":[{"href":"https:\/\/www.streetpark.eu\/cs\/wp-json\/wp\/v2\/pages"}],"about":[{"href":"https:\/\/www.streetpark.eu\/cs\/wp-json\/wp\/v2\/types\/page"}],"author":[{"embeddable":true,"href":"https:\/\/www.streetpark.eu\/cs\/wp-json\/wp\/v2\/users\/6"}],"replies":[{"embeddable":true,"href":"https:\/\/www.streetpark.eu\/cs\/wp-json\/wp\/v2\/comments?post=93"}],"version-history":[{"count":4,"href":"https:\/\/www.streetpark.eu\/cs\/wp-json\/wp\/v2\/pages\/93\/revisions"}],"predecessor-version":[{"id":6316,"href":"https:\/\/www.streetpark.eu\/cs\/wp-json\/wp\/v2\/pages\/93\/revisions\/6316"}],"wp:attachment":[{"href":"https:\/\/www.streetpark.eu\/cs\/wp-json\/wp\/v2\/media?parent=93"}],"curies":[{"name":"wp","href":"https:\/\/api.w.org\/{rel}","templated":true}]}}