{"id":4,"date":"2017-11-13T11:14:58","date_gmt":"2017-11-13T10:14:58","guid":{"rendered":"http:\/\/www.streetpark.cz.server.atlatest.cz\/index.php\/home\/"},"modified":"2019-01-15T11:33:02","modified_gmt":"2019-01-15T10:33:02","slug":"home","status":"publish","type":"page","link":"https:\/\/www.streetpark.eu\/cs\/","title":{"rendered":"Home"},"content":{"rendered":"<p>Jsme hrd\u00ed na to, \u017ee se m\u016f\u017eeme pod\u00edlet na vzhledu na\u0161ich m\u011bst a obc\u00ed. A\u0165 u\u017e se jedn\u00e1 o malou v\u00edsku nebo m\u011bstsk\u00fd parter pulzuj\u00edc\u00edho velkom\u011bsta. Sna\u017e\u00edme se, abyste se\u00a0<strong>na ve\u0159ejn\u00e9m prostranstv\u00ed c\u00edtili stejn\u011b tak dob\u0159e jako u v\u00e1s doma<\/strong>.\u00a0STREETPARK jsou designov\u00e9 v\u00fdrobky, kter\u00e9 probud\u00ed va\u0161e city.<\/p>\n","protected":false},"excerpt":{"rendered":"<p>Jsme hrd\u00ed na to, \u017ee se m\u016f\u017eeme pod\u00edlet na vzhledu na\u0161ich m\u011bst a obc\u00ed. A\u0165 u\u017e se jedn\u00e1 o malou v\u00edsku nebo m\u011bstsk\u00fd parter pulzuj\u00edc\u00edho velkom\u011bsta. Sna\u017e\u00edme se, abyste se\u00a0na ve\u0159ejn\u00e9m prostranstv\u00ed c\u00edtili stejn\u011b tak dob\u0159e jako u v\u00e1s doma.\u00a0STREETPARK &hellip; <a href=\"https:\/\/www.streetpark.eu\/cs\/\">Continued<\/a><\/p>\n","protected":false},"author":6,"featured_media":0,"parent":0,"menu_order":-1,"comment_status":"closed","ping_status":"closed","template":"","meta":{"_acf_changed":false,"footnotes":""},"class_list":["post-4","page","type-page","status-publish","hentry"],"acf":[],"yoast_head":"<!-- This site is optimized with the Yoast SEO plugin v26.9 - https:\/\/yoast.com\/product\/yoast-seo-wordpress\/ -->\n<title>STREETPARK - v\u00fdroba m\u011bstsk\u00e9ho mobili\u00e1\u0159e<\/title>\n<meta name=\"description\" content=\"STREETPARK jsou designov\u00e9 v\u00fdrobky, kter\u00e9 probud\u00ed va\u0161e city. V\u00fdroba m\u011bstsk\u00e9ho mobili\u00e1\u0159e pro 21. stolet\u00ed. Lavi\u010dky, odpadkov\u00e9 ko\u0161e, stojany na kola,zast\u00e1vkov\u00e9 p\u0159\u00edst\u0159e\u0161ky, stromov\u00e9 m\u0159\u00ed\u017ee, n\u00e1doby na zele\u0148, informa\u010dn\u00ed nosi\u010de, stoly, p\u00edtka a font\u00e1nky, zahrazovac\u00ed sloupky.\" \/>\n<meta name=\"robots\" content=\"index, follow, max-snippet:-1, max-image-preview:large, max-video-preview:-1\" \/>\n<link rel=\"canonical\" href=\"https:\/\/www.streetpark.eu\/cs\/\" \/>\n<meta property=\"og:locale\" content=\"cs_CZ\" \/>\n<meta property=\"og:type\" content=\"article\" \/>\n<meta property=\"og:title\" content=\"STREETPARK - v\u00fdroba m\u011bstsk\u00e9ho mobili\u00e1\u0159e\" \/>\n<meta property=\"og:description\" content=\"STREETPARK jsou designov\u00e9 v\u00fdrobky, kter\u00e9 probud\u00ed va\u0161e city. V\u00fdroba m\u011bstsk\u00e9ho mobili\u00e1\u0159e pro 21. stolet\u00ed. Lavi\u010dky, odpadkov\u00e9 ko\u0161e, stojany na kola,zast\u00e1vkov\u00e9 p\u0159\u00edst\u0159e\u0161ky, stromov\u00e9 m\u0159\u00ed\u017ee, n\u00e1doby na zele\u0148, informa\u010dn\u00ed nosi\u010de, stoly, p\u00edtka a font\u00e1nky, zahrazovac\u00ed sloupky.\" \/>\n<meta property=\"og:url\" content=\"https:\/\/www.streetpark.eu\/cs\/\" \/>\n<meta property=\"og:site_name\" content=\"M\u011bstsk\u00fd mobili\u00e1\u0159 STREETPARK\" \/>\n<meta property=\"article:publisher\" content=\"https:\/\/www.facebook.com\/streetpark.eu\" \/>\n<meta property=\"article:modified_time\" content=\"2019-01-15T10:33:02+00:00\" \/>\n<meta name=\"twitter:card\" content=\"summary_large_image\" \/>\n<script type=\"application\/ld+json\" class=\"yoast-schema-graph\">{\"@context\":\"https:\/\/schema.org\",\"@graph\":[{\"@type\":\"WebPage\",\"@id\":\"https:\/\/www.streetpark.eu\/cs\/\",\"url\":\"https:\/\/www.streetpark.eu\/cs\/\",\"name\":\"STREETPARK - v\u00fdroba m\u011bstsk\u00e9ho mobili\u00e1\u0159e\",\"isPartOf\":{\"@id\":\"https:\/\/www.streetpark.eu\/cs\/#website\"},\"datePublished\":\"2017-11-13T10:14:58+00:00\",\"dateModified\":\"2019-01-15T10:33:02+00:00\",\"description\":\"STREETPARK jsou designov\u00e9 v\u00fdrobky, kter\u00e9 probud\u00ed va\u0161e city. V\u00fdroba m\u011bstsk\u00e9ho mobili\u00e1\u0159e pro 21. stolet\u00ed. Lavi\u010dky, odpadkov\u00e9 ko\u0161e, stojany na kola,zast\u00e1vkov\u00e9 p\u0159\u00edst\u0159e\u0161ky, stromov\u00e9 m\u0159\u00ed\u017ee, n\u00e1doby na zele\u0148, informa\u010dn\u00ed nosi\u010de, stoly, p\u00edtka a font\u00e1nky, zahrazovac\u00ed sloupky.\",\"breadcrumb\":{\"@id\":\"https:\/\/www.streetpark.eu\/cs\/#breadcrumb\"},\"inLanguage\":\"cs\",\"potentialAction\":[{\"@type\":\"ReadAction\",\"target\":[\"https:\/\/www.streetpark.eu\/cs\/\"]}]},{\"@type\":\"BreadcrumbList\",\"@id\":\"https:\/\/www.streetpark.eu\/cs\/#breadcrumb\",\"itemListElement\":[{\"@type\":\"ListItem\",\"position\":1,\"name\":\"Dom\u016f\",\"item\":\"https:\/\/www.streetpark.eu\/cs\/\"},{\"@type\":\"ListItem\",\"position\":2,\"name\":\"Home\"}]},{\"@type\":\"WebSite\",\"@id\":\"https:\/\/www.streetpark.eu\/cs\/#website\",\"url\":\"https:\/\/www.streetpark.eu\/cs\/\",\"name\":\"M\u011bstsk\u00fd mobili\u00e1\u0159 STREETPARK\",\"description\":\"STREETPARK jsou designov\u00e9 v\u00fdrobky, kter\u00e9 probud\u00ed va\u0161e city.\",\"publisher\":{\"@id\":\"https:\/\/www.streetpark.eu\/cs\/#organization\"},\"potentialAction\":[{\"@type\":\"SearchAction\",\"target\":{\"@type\":\"EntryPoint\",\"urlTemplate\":\"https:\/\/www.streetpark.eu\/cs\/?s={search_term_string}\"},\"query-input\":{\"@type\":\"PropertyValueSpecification\",\"valueRequired\":true,\"valueName\":\"search_term_string\"}}],\"inLanguage\":\"cs\"},{\"@type\":\"Organization\",\"@id\":\"https:\/\/www.streetpark.eu\/cs\/#organization\",\"name\":\"M\u011bstsk\u00fd mobili\u00e1\u0159 STREETPARK\",\"url\":\"https:\/\/www.streetpark.eu\/cs\/\",\"logo\":{\"@type\":\"ImageObject\",\"inLanguage\":\"cs\",\"@id\":\"https:\/\/www.streetpark.eu\/cs\/#\/schema\/logo\/image\/\",\"url\":\"https:\/\/www.streetpark.eu\/wp-content\/uploads\/2022\/10\/STREETPARK_zakladni-varianta_ochr.zona.png\",\"contentUrl\":\"https:\/\/www.streetpark.eu\/wp-content\/uploads\/2022\/10\/STREETPARK_zakladni-varianta_ochr.zona.png\",\"width\":1906,\"height\":575,\"caption\":\"M\u011bstsk\u00fd mobili\u00e1\u0159 STREETPARK\"},\"image\":{\"@id\":\"https:\/\/www.streetpark.eu\/cs\/#\/schema\/logo\/image\/\"},\"sameAs\":[\"https:\/\/www.facebook.com\/streetpark.eu\",\"https:\/\/www.instagram.com\/streetpark.eu\/\",\"https:\/\/www.linkedin.com\/company\/streetpark\",\"https:\/\/cz.pinterest.com\/streetparkurbanfurniture\/\"]}]}<\/script>\n<!-- \/ Yoast SEO plugin. -->","yoast_head_json":{"title":"STREETPARK - v\u00fdroba m\u011bstsk\u00e9ho mobili\u00e1\u0159e","description":"STREETPARK jsou designov\u00e9 v\u00fdrobky, kter\u00e9 probud\u00ed va\u0161e city. V\u00fdroba m\u011bstsk\u00e9ho mobili\u00e1\u0159e pro 21. stolet\u00ed. Lavi\u010dky, odpadkov\u00e9 ko\u0161e, stojany na kola,zast\u00e1vkov\u00e9 p\u0159\u00edst\u0159e\u0161ky, stromov\u00e9 m\u0159\u00ed\u017ee, n\u00e1doby na zele\u0148, informa\u010dn\u00ed nosi\u010de, stoly, p\u00edtka a font\u00e1nky, zahrazovac\u00ed sloupky.","robots":{"index":"index","follow":"follow","max-snippet":"max-snippet:-1","max-image-preview":"max-image-preview:large","max-video-preview":"max-video-preview:-1"},"canonical":"https:\/\/www.streetpark.eu\/cs\/","og_locale":"cs_CZ","og_type":"article","og_title":"STREETPARK - v\u00fdroba m\u011bstsk\u00e9ho mobili\u00e1\u0159e","og_description":"STREETPARK jsou designov\u00e9 v\u00fdrobky, kter\u00e9 probud\u00ed va\u0161e city. V\u00fdroba m\u011bstsk\u00e9ho mobili\u00e1\u0159e pro 21. stolet\u00ed. Lavi\u010dky, odpadkov\u00e9 ko\u0161e, stojany na kola,zast\u00e1vkov\u00e9 p\u0159\u00edst\u0159e\u0161ky, stromov\u00e9 m\u0159\u00ed\u017ee, n\u00e1doby na zele\u0148, informa\u010dn\u00ed nosi\u010de, stoly, p\u00edtka a font\u00e1nky, zahrazovac\u00ed sloupky.","og_url":"https:\/\/www.streetpark.eu\/cs\/","og_site_name":"M\u011bstsk\u00fd mobili\u00e1\u0159 STREETPARK","article_publisher":"https:\/\/www.facebook.com\/streetpark.eu","article_modified_time":"2019-01-15T10:33:02+00:00","twitter_card":"summary_large_image","schema":{"@context":"https:\/\/schema.org","@graph":[{"@type":"WebPage","@id":"https:\/\/www.streetpark.eu\/cs\/","url":"https:\/\/www.streetpark.eu\/cs\/","name":"STREETPARK - v\u00fdroba m\u011bstsk\u00e9ho mobili\u00e1\u0159e","isPartOf":{"@id":"https:\/\/www.streetpark.eu\/cs\/#website"},"datePublished":"2017-11-13T10:14:58+00:00","dateModified":"2019-01-15T10:33:02+00:00","description":"STREETPARK jsou designov\u00e9 v\u00fdrobky, kter\u00e9 probud\u00ed va\u0161e city. V\u00fdroba m\u011bstsk\u00e9ho mobili\u00e1\u0159e pro 21. stolet\u00ed. Lavi\u010dky, odpadkov\u00e9 ko\u0161e, stojany na kola,zast\u00e1vkov\u00e9 p\u0159\u00edst\u0159e\u0161ky, stromov\u00e9 m\u0159\u00ed\u017ee, n\u00e1doby na zele\u0148, informa\u010dn\u00ed nosi\u010de, stoly, p\u00edtka a font\u00e1nky, zahrazovac\u00ed sloupky.","breadcrumb":{"@id":"https:\/\/www.streetpark.eu\/cs\/#breadcrumb"},"inLanguage":"cs","potentialAction":[{"@type":"ReadAction","target":["https:\/\/www.streetpark.eu\/cs\/"]}]},{"@type":"BreadcrumbList","@id":"https:\/\/www.streetpark.eu\/cs\/#breadcrumb","itemListElement":[{"@type":"ListItem","position":1,"name":"Dom\u016f","item":"https:\/\/www.streetpark.eu\/cs\/"},{"@type":"ListItem","position":2,"name":"Home"}]},{"@type":"WebSite","@id":"https:\/\/www.streetpark.eu\/cs\/#website","url":"https:\/\/www.streetpark.eu\/cs\/","name":"M\u011bstsk\u00fd mobili\u00e1\u0159 STREETPARK","description":"STREETPARK jsou designov\u00e9 v\u00fdrobky, kter\u00e9 probud\u00ed va\u0161e city.","publisher":{"@id":"https:\/\/www.streetpark.eu\/cs\/#organization"},"potentialAction":[{"@type":"SearchAction","target":{"@type":"EntryPoint","urlTemplate":"https:\/\/www.streetpark.eu\/cs\/?s={search_term_string}"},"query-input":{"@type":"PropertyValueSpecification","valueRequired":true,"valueName":"search_term_string"}}],"inLanguage":"cs"},{"@type":"Organization","@id":"https:\/\/www.streetpark.eu\/cs\/#organization","name":"M\u011bstsk\u00fd mobili\u00e1\u0159 STREETPARK","url":"https:\/\/www.streetpark.eu\/cs\/","logo":{"@type":"ImageObject","inLanguage":"cs","@id":"https:\/\/www.streetpark.eu\/cs\/#\/schema\/logo\/image\/","url":"https:\/\/www.streetpark.eu\/wp-content\/uploads\/2022\/10\/STREETPARK_zakladni-varianta_ochr.zona.png","contentUrl":"https:\/\/www.streetpark.eu\/wp-content\/uploads\/2022\/10\/STREETPARK_zakladni-varianta_ochr.zona.png","width":1906,"height":575,"caption":"M\u011bstsk\u00fd mobili\u00e1\u0159 STREETPARK"},"image":{"@id":"https:\/\/www.streetpark.eu\/cs\/#\/schema\/logo\/image\/"},"sameAs":["https:\/\/www.facebook.com\/streetpark.eu","https:\/\/www.instagram.com\/streetpark.eu\/","https:\/\/www.linkedin.com\/company\/streetpark","https:\/\/cz.pinterest.com\/streetparkurbanfurniture\/"]}]}},"_links":{"self":[{"href":"https:\/\/www.streetpark.eu\/cs\/wp-json\/wp\/v2\/pages\/4","targetHints":{"allow":["GET"]}}],"collection":[{"href":"https:\/\/www.streetpark.eu\/cs\/wp-json\/wp\/v2\/pages"}],"about":[{"href":"https:\/\/www.streetpark.eu\/cs\/wp-json\/wp\/v2\/types\/page"}],"author":[{"embeddable":true,"href":"https:\/\/www.streetpark.eu\/cs\/wp-json\/wp\/v2\/users\/6"}],"replies":[{"embeddable":true,"href":"https:\/\/www.streetpark.eu\/cs\/wp-json\/wp\/v2\/comments?post=4"}],"version-history":[{"count":5,"href":"https:\/\/www.streetpark.eu\/cs\/wp-json\/wp\/v2\/pages\/4\/revisions"}],"predecessor-version":[{"id":5951,"href":"https:\/\/www.streetpark.eu\/cs\/wp-json\/wp\/v2\/pages\/4\/revisions\/5951"}],"wp:attachment":[{"href":"https:\/\/www.streetpark.eu\/cs\/wp-json\/wp\/v2\/media?parent=4"}],"curies":[{"name":"wp","href":"https:\/\/api.w.org\/{rel}","templated":true}]}}