{"id":39838,"date":"2025-02-26T08:37:46","date_gmt":"2025-02-26T07:37:46","guid":{"rendered":"https:\/\/www.streetpark.eu\/?page_id=39838"},"modified":"2026-01-29T13:05:56","modified_gmt":"2026-01-29T12:05:56","slug":"designovy-mestsky-mobiliar","status":"publish","type":"page","link":"https:\/\/www.streetpark.eu\/cs\/designovy-mestsky-mobiliar\/","title":{"rendered":"STREETPARK | Designov\u00fd m\u011bstsk\u00fd mobili\u00e1\u0159"},"content":{"rendered":"","protected":false},"excerpt":{"rendered":"","protected":false},"author":6,"featured_media":0,"parent":0,"menu_order":0,"comment_status":"closed","ping_status":"closed","template":"template-newsletter.php","meta":{"_acf_changed":false,"footnotes":""},"class_list":["post-39838","page","type-page","status-publish","hentry"],"acf":[],"yoast_head":"<!-- This site is optimized with the Yoast SEO plugin v26.9 - https:\/\/yoast.com\/product\/yoast-seo-wordpress\/ -->\n<title>STREETPARK | Designov\u00fd m\u011bstsk\u00fd mobili\u00e1\u0159 - M\u011bstsk\u00fd mobili\u00e1\u0159 STREETPARK<\/title>\n<meta name=\"robots\" content=\"index, follow, max-snippet:-1, max-image-preview:large, max-video-preview:-1\" \/>\n<link rel=\"canonical\" href=\"https:\/\/www.streetpark.eu\/cs\/designovy-mestsky-mobiliar\/\" \/>\n<meta property=\"og:locale\" content=\"cs_CZ\" \/>\n<meta property=\"og:type\" content=\"article\" \/>\n<meta property=\"og:title\" content=\"STREETPARK | Designov\u00fd m\u011bstsk\u00fd mobili\u00e1\u0159 - M\u011bstsk\u00fd mobili\u00e1\u0159 STREETPARK\" \/>\n<meta property=\"og:url\" content=\"https:\/\/www.streetpark.eu\/cs\/designovy-mestsky-mobiliar\/\" \/>\n<meta property=\"og:site_name\" content=\"M\u011bstsk\u00fd mobili\u00e1\u0159 STREETPARK\" \/>\n<meta property=\"article:publisher\" content=\"https:\/\/www.facebook.com\/streetpark.eu\" \/>\n<meta property=\"article:modified_time\" content=\"2026-01-29T12:05:56+00:00\" \/>\n<meta name=\"twitter:card\" content=\"summary_large_image\" \/>\n<script type=\"application\/ld+json\" class=\"yoast-schema-graph\">{\"@context\":\"https:\/\/schema.org\",\"@graph\":[{\"@type\":\"WebPage\",\"@id\":\"https:\/\/www.streetpark.eu\/cs\/designovy-mestsky-mobiliar\/\",\"url\":\"https:\/\/www.streetpark.eu\/cs\/designovy-mestsky-mobiliar\/\",\"name\":\"STREETPARK | Designov\u00fd m\u011bstsk\u00fd mobili\u00e1\u0159 - M\u011bstsk\u00fd mobili\u00e1\u0159 STREETPARK\",\"isPartOf\":{\"@id\":\"https:\/\/www.streetpark.eu\/cs\/#website\"},\"datePublished\":\"2025-02-26T07:37:46+00:00\",\"dateModified\":\"2026-01-29T12:05:56+00:00\",\"breadcrumb\":{\"@id\":\"https:\/\/www.streetpark.eu\/cs\/designovy-mestsky-mobiliar\/#breadcrumb\"},\"inLanguage\":\"cs\",\"potentialAction\":[{\"@type\":\"ReadAction\",\"target\":[\"https:\/\/www.streetpark.eu\/cs\/designovy-mestsky-mobiliar\/\"]}]},{\"@type\":\"BreadcrumbList\",\"@id\":\"https:\/\/www.streetpark.eu\/cs\/designovy-mestsky-mobiliar\/#breadcrumb\",\"itemListElement\":[{\"@type\":\"ListItem\",\"position\":1,\"name\":\"Dom\u016f\",\"item\":\"https:\/\/www.streetpark.eu\/cs\/\"},{\"@type\":\"ListItem\",\"position\":2,\"name\":\"STREETPARK | Designov\u00fd m\u011bstsk\u00fd mobili\u00e1\u0159\"}]},{\"@type\":\"WebSite\",\"@id\":\"https:\/\/www.streetpark.eu\/cs\/#website\",\"url\":\"https:\/\/www.streetpark.eu\/cs\/\",\"name\":\"M\u011bstsk\u00fd mobili\u00e1\u0159 STREETPARK\",\"description\":\"STREETPARK jsou designov\u00e9 v\u00fdrobky, kter\u00e9 probud\u00ed va\u0161e city.\",\"publisher\":{\"@id\":\"https:\/\/www.streetpark.eu\/cs\/#organization\"},\"potentialAction\":[{\"@type\":\"SearchAction\",\"target\":{\"@type\":\"EntryPoint\",\"urlTemplate\":\"https:\/\/www.streetpark.eu\/cs\/?s={search_term_string}\"},\"query-input\":{\"@type\":\"PropertyValueSpecification\",\"valueRequired\":true,\"valueName\":\"search_term_string\"}}],\"inLanguage\":\"cs\"},{\"@type\":\"Organization\",\"@id\":\"https:\/\/www.streetpark.eu\/cs\/#organization\",\"name\":\"M\u011bstsk\u00fd mobili\u00e1\u0159 STREETPARK\",\"url\":\"https:\/\/www.streetpark.eu\/cs\/\",\"logo\":{\"@type\":\"ImageObject\",\"inLanguage\":\"cs\",\"@id\":\"https:\/\/www.streetpark.eu\/cs\/#\/schema\/logo\/image\/\",\"url\":\"https:\/\/www.streetpark.eu\/wp-content\/uploads\/2022\/10\/STREETPARK_zakladni-varianta_ochr.zona.png\",\"contentUrl\":\"https:\/\/www.streetpark.eu\/wp-content\/uploads\/2022\/10\/STREETPARK_zakladni-varianta_ochr.zona.png\",\"width\":1906,\"height\":575,\"caption\":\"M\u011bstsk\u00fd mobili\u00e1\u0159 STREETPARK\"},\"image\":{\"@id\":\"https:\/\/www.streetpark.eu\/cs\/#\/schema\/logo\/image\/\"},\"sameAs\":[\"https:\/\/www.facebook.com\/streetpark.eu\",\"https:\/\/www.instagram.com\/streetpark.eu\/\",\"https:\/\/www.linkedin.com\/company\/streetpark\",\"https:\/\/cz.pinterest.com\/streetparkurbanfurniture\/\"]}]}<\/script>\n<!-- \/ Yoast SEO plugin. -->","yoast_head_json":{"title":"STREETPARK | Designov\u00fd m\u011bstsk\u00fd mobili\u00e1\u0159 - M\u011bstsk\u00fd mobili\u00e1\u0159 STREETPARK","robots":{"index":"index","follow":"follow","max-snippet":"max-snippet:-1","max-image-preview":"max-image-preview:large","max-video-preview":"max-video-preview:-1"},"canonical":"https:\/\/www.streetpark.eu\/cs\/designovy-mestsky-mobiliar\/","og_locale":"cs_CZ","og_type":"article","og_title":"STREETPARK | Designov\u00fd m\u011bstsk\u00fd mobili\u00e1\u0159 - M\u011bstsk\u00fd mobili\u00e1\u0159 STREETPARK","og_url":"https:\/\/www.streetpark.eu\/cs\/designovy-mestsky-mobiliar\/","og_site_name":"M\u011bstsk\u00fd mobili\u00e1\u0159 STREETPARK","article_publisher":"https:\/\/www.facebook.com\/streetpark.eu","article_modified_time":"2026-01-29T12:05:56+00:00","twitter_card":"summary_large_image","schema":{"@context":"https:\/\/schema.org","@graph":[{"@type":"WebPage","@id":"https:\/\/www.streetpark.eu\/cs\/designovy-mestsky-mobiliar\/","url":"https:\/\/www.streetpark.eu\/cs\/designovy-mestsky-mobiliar\/","name":"STREETPARK | Designov\u00fd m\u011bstsk\u00fd mobili\u00e1\u0159 - M\u011bstsk\u00fd mobili\u00e1\u0159 STREETPARK","isPartOf":{"@id":"https:\/\/www.streetpark.eu\/cs\/#website"},"datePublished":"2025-02-26T07:37:46+00:00","dateModified":"2026-01-29T12:05:56+00:00","breadcrumb":{"@id":"https:\/\/www.streetpark.eu\/cs\/designovy-mestsky-mobiliar\/#breadcrumb"},"inLanguage":"cs","potentialAction":[{"@type":"ReadAction","target":["https:\/\/www.streetpark.eu\/cs\/designovy-mestsky-mobiliar\/"]}]},{"@type":"BreadcrumbList","@id":"https:\/\/www.streetpark.eu\/cs\/designovy-mestsky-mobiliar\/#breadcrumb","itemListElement":[{"@type":"ListItem","position":1,"name":"Dom\u016f","item":"https:\/\/www.streetpark.eu\/cs\/"},{"@type":"ListItem","position":2,"name":"STREETPARK | Designov\u00fd m\u011bstsk\u00fd mobili\u00e1\u0159"}]},{"@type":"WebSite","@id":"https:\/\/www.streetpark.eu\/cs\/#website","url":"https:\/\/www.streetpark.eu\/cs\/","name":"M\u011bstsk\u00fd mobili\u00e1\u0159 STREETPARK","description":"STREETPARK jsou designov\u00e9 v\u00fdrobky, kter\u00e9 probud\u00ed va\u0161e city.","publisher":{"@id":"https:\/\/www.streetpark.eu\/cs\/#organization"},"potentialAction":[{"@type":"SearchAction","target":{"@type":"EntryPoint","urlTemplate":"https:\/\/www.streetpark.eu\/cs\/?s={search_term_string}"},"query-input":{"@type":"PropertyValueSpecification","valueRequired":true,"valueName":"search_term_string"}}],"inLanguage":"cs"},{"@type":"Organization","@id":"https:\/\/www.streetpark.eu\/cs\/#organization","name":"M\u011bstsk\u00fd mobili\u00e1\u0159 STREETPARK","url":"https:\/\/www.streetpark.eu\/cs\/","logo":{"@type":"ImageObject","inLanguage":"cs","@id":"https:\/\/www.streetpark.eu\/cs\/#\/schema\/logo\/image\/","url":"https:\/\/www.streetpark.eu\/wp-content\/uploads\/2022\/10\/STREETPARK_zakladni-varianta_ochr.zona.png","contentUrl":"https:\/\/www.streetpark.eu\/wp-content\/uploads\/2022\/10\/STREETPARK_zakladni-varianta_ochr.zona.png","width":1906,"height":575,"caption":"M\u011bstsk\u00fd mobili\u00e1\u0159 STREETPARK"},"image":{"@id":"https:\/\/www.streetpark.eu\/cs\/#\/schema\/logo\/image\/"},"sameAs":["https:\/\/www.facebook.com\/streetpark.eu","https:\/\/www.instagram.com\/streetpark.eu\/","https:\/\/www.linkedin.com\/company\/streetpark","https:\/\/cz.pinterest.com\/streetparkurbanfurniture\/"]}]}},"_links":{"self":[{"href":"https:\/\/www.streetpark.eu\/cs\/wp-json\/wp\/v2\/pages\/39838","targetHints":{"allow":["GET"]}}],"collection":[{"href":"https:\/\/www.streetpark.eu\/cs\/wp-json\/wp\/v2\/pages"}],"about":[{"href":"https:\/\/www.streetpark.eu\/cs\/wp-json\/wp\/v2\/types\/page"}],"author":[{"embeddable":true,"href":"https:\/\/www.streetpark.eu\/cs\/wp-json\/wp\/v2\/users\/6"}],"replies":[{"embeddable":true,"href":"https:\/\/www.streetpark.eu\/cs\/wp-json\/wp\/v2\/comments?post=39838"}],"version-history":[{"count":40,"href":"https:\/\/www.streetpark.eu\/cs\/wp-json\/wp\/v2\/pages\/39838\/revisions"}],"predecessor-version":[{"id":44911,"href":"https:\/\/www.streetpark.eu\/cs\/wp-json\/wp\/v2\/pages\/39838\/revisions\/44911"}],"wp:attachment":[{"href":"https:\/\/www.streetpark.eu\/cs\/wp-json\/wp\/v2\/media?parent=39838"}],"curies":[{"name":"wp","href":"https:\/\/api.w.org\/{rel}","templated":true}]}}