{"id":169,"date":"2017-11-16T14:12:07","date_gmt":"2017-11-16T13:12:07","guid":{"rendered":"http:\/\/www.streetpark.cz.server.atlatest.cz\/?page_id=169"},"modified":"2018-10-01T09:25:09","modified_gmt":"2018-10-01T07:25:09","slug":"registracni-formular","status":"publish","type":"page","link":"https:\/\/www.streetpark.eu\/cs\/registracni-formular\/","title":{"rendered":"Registra\u010dn\u00ed formul\u00e1\u0159"},"content":{"rendered":"<p>Registrace v\u00e1m otev\u00edr\u00e1 br\u00e1nu do parku napln\u011bn\u00e9ho pracovn\u00edmi materi\u00e1ly.<\/p>\n","protected":false},"excerpt":{"rendered":"<p>Registrace v\u00e1m otev\u00edr\u00e1 br\u00e1nu do parku napln\u011bn\u00e9ho pracovn\u00edmi materi\u00e1ly.<\/p>\n","protected":false},"author":6,"featured_media":0,"parent":0,"menu_order":0,"comment_status":"closed","ping_status":"closed","template":"templates\/registration.php","meta":{"_acf_changed":false,"footnotes":""},"class_list":["post-169","page","type-page","status-publish","hentry"],"acf":[],"yoast_head":"<!-- This site is optimized with the Yoast SEO plugin v26.9 - https:\/\/yoast.com\/product\/yoast-seo-wordpress\/ -->\n<title>Registra\u010dn\u00ed formul\u00e1\u0159 - M\u011bstsk\u00fd mobili\u00e1\u0159 STREETPARK<\/title>\n<meta name=\"robots\" content=\"index, follow, max-snippet:-1, max-image-preview:large, max-video-preview:-1\" \/>\n<link rel=\"canonical\" href=\"https:\/\/www.streetpark.eu\/cs\/registracni-formular\/\" \/>\n<meta property=\"og:locale\" content=\"cs_CZ\" \/>\n<meta property=\"og:type\" content=\"article\" \/>\n<meta property=\"og:title\" content=\"Registra\u010dn\u00ed formul\u00e1\u0159 - M\u011bstsk\u00fd mobili\u00e1\u0159 STREETPARK\" \/>\n<meta property=\"og:description\" content=\"Registrace v\u00e1m otev\u00edr\u00e1 br\u00e1nu do parku napln\u011bn\u00e9ho pracovn\u00edmi materi\u00e1ly.\" \/>\n<meta property=\"og:url\" content=\"https:\/\/www.streetpark.eu\/cs\/registracni-formular\/\" \/>\n<meta property=\"og:site_name\" content=\"M\u011bstsk\u00fd mobili\u00e1\u0159 STREETPARK\" \/>\n<meta property=\"article:publisher\" content=\"https:\/\/www.facebook.com\/streetpark.eu\" \/>\n<meta property=\"article:modified_time\" content=\"2018-10-01T07:25:09+00:00\" \/>\n<meta name=\"twitter:card\" content=\"summary_large_image\" \/>\n<script type=\"application\/ld+json\" class=\"yoast-schema-graph\">{\"@context\":\"https:\/\/schema.org\",\"@graph\":[{\"@type\":\"WebPage\",\"@id\":\"https:\/\/www.streetpark.eu\/cs\/registracni-formular\/\",\"url\":\"https:\/\/www.streetpark.eu\/cs\/registracni-formular\/\",\"name\":\"Registra\u010dn\u00ed formul\u00e1\u0159 - M\u011bstsk\u00fd mobili\u00e1\u0159 STREETPARK\",\"isPartOf\":{\"@id\":\"https:\/\/www.streetpark.eu\/cs\/#website\"},\"datePublished\":\"2017-11-16T13:12:07+00:00\",\"dateModified\":\"2018-10-01T07:25:09+00:00\",\"breadcrumb\":{\"@id\":\"https:\/\/www.streetpark.eu\/cs\/registracni-formular\/#breadcrumb\"},\"inLanguage\":\"cs\",\"potentialAction\":[{\"@type\":\"ReadAction\",\"target\":[\"https:\/\/www.streetpark.eu\/cs\/registracni-formular\/\"]}]},{\"@type\":\"BreadcrumbList\",\"@id\":\"https:\/\/www.streetpark.eu\/cs\/registracni-formular\/#breadcrumb\",\"itemListElement\":[{\"@type\":\"ListItem\",\"position\":1,\"name\":\"Dom\u016f\",\"item\":\"https:\/\/www.streetpark.eu\/cs\/\"},{\"@type\":\"ListItem\",\"position\":2,\"name\":\"Registra\u010dn\u00ed formul\u00e1\u0159\"}]},{\"@type\":\"WebSite\",\"@id\":\"https:\/\/www.streetpark.eu\/cs\/#website\",\"url\":\"https:\/\/www.streetpark.eu\/cs\/\",\"name\":\"M\u011bstsk\u00fd mobili\u00e1\u0159 STREETPARK\",\"description\":\"STREETPARK jsou designov\u00e9 v\u00fdrobky, kter\u00e9 probud\u00ed va\u0161e city.\",\"publisher\":{\"@id\":\"https:\/\/www.streetpark.eu\/cs\/#organization\"},\"potentialAction\":[{\"@type\":\"SearchAction\",\"target\":{\"@type\":\"EntryPoint\",\"urlTemplate\":\"https:\/\/www.streetpark.eu\/cs\/?s={search_term_string}\"},\"query-input\":{\"@type\":\"PropertyValueSpecification\",\"valueRequired\":true,\"valueName\":\"search_term_string\"}}],\"inLanguage\":\"cs\"},{\"@type\":\"Organization\",\"@id\":\"https:\/\/www.streetpark.eu\/cs\/#organization\",\"name\":\"M\u011bstsk\u00fd mobili\u00e1\u0159 STREETPARK\",\"url\":\"https:\/\/www.streetpark.eu\/cs\/\",\"logo\":{\"@type\":\"ImageObject\",\"inLanguage\":\"cs\",\"@id\":\"https:\/\/www.streetpark.eu\/cs\/#\/schema\/logo\/image\/\",\"url\":\"https:\/\/www.streetpark.eu\/wp-content\/uploads\/2022\/10\/STREETPARK_zakladni-varianta_ochr.zona.png\",\"contentUrl\":\"https:\/\/www.streetpark.eu\/wp-content\/uploads\/2022\/10\/STREETPARK_zakladni-varianta_ochr.zona.png\",\"width\":1906,\"height\":575,\"caption\":\"M\u011bstsk\u00fd mobili\u00e1\u0159 STREETPARK\"},\"image\":{\"@id\":\"https:\/\/www.streetpark.eu\/cs\/#\/schema\/logo\/image\/\"},\"sameAs\":[\"https:\/\/www.facebook.com\/streetpark.eu\",\"https:\/\/www.instagram.com\/streetpark.eu\/\",\"https:\/\/www.linkedin.com\/company\/streetpark\",\"https:\/\/cz.pinterest.com\/streetparkurbanfurniture\/\"]}]}<\/script>\n<!-- \/ Yoast SEO plugin. -->","yoast_head_json":{"title":"Registra\u010dn\u00ed formul\u00e1\u0159 - M\u011bstsk\u00fd mobili\u00e1\u0159 STREETPARK","robots":{"index":"index","follow":"follow","max-snippet":"max-snippet:-1","max-image-preview":"max-image-preview:large","max-video-preview":"max-video-preview:-1"},"canonical":"https:\/\/www.streetpark.eu\/cs\/registracni-formular\/","og_locale":"cs_CZ","og_type":"article","og_title":"Registra\u010dn\u00ed formul\u00e1\u0159 - M\u011bstsk\u00fd mobili\u00e1\u0159 STREETPARK","og_description":"Registrace v\u00e1m otev\u00edr\u00e1 br\u00e1nu do parku napln\u011bn\u00e9ho pracovn\u00edmi materi\u00e1ly.","og_url":"https:\/\/www.streetpark.eu\/cs\/registracni-formular\/","og_site_name":"M\u011bstsk\u00fd mobili\u00e1\u0159 STREETPARK","article_publisher":"https:\/\/www.facebook.com\/streetpark.eu","article_modified_time":"2018-10-01T07:25:09+00:00","twitter_card":"summary_large_image","schema":{"@context":"https:\/\/schema.org","@graph":[{"@type":"WebPage","@id":"https:\/\/www.streetpark.eu\/cs\/registracni-formular\/","url":"https:\/\/www.streetpark.eu\/cs\/registracni-formular\/","name":"Registra\u010dn\u00ed formul\u00e1\u0159 - M\u011bstsk\u00fd mobili\u00e1\u0159 STREETPARK","isPartOf":{"@id":"https:\/\/www.streetpark.eu\/cs\/#website"},"datePublished":"2017-11-16T13:12:07+00:00","dateModified":"2018-10-01T07:25:09+00:00","breadcrumb":{"@id":"https:\/\/www.streetpark.eu\/cs\/registracni-formular\/#breadcrumb"},"inLanguage":"cs","potentialAction":[{"@type":"ReadAction","target":["https:\/\/www.streetpark.eu\/cs\/registracni-formular\/"]}]},{"@type":"BreadcrumbList","@id":"https:\/\/www.streetpark.eu\/cs\/registracni-formular\/#breadcrumb","itemListElement":[{"@type":"ListItem","position":1,"name":"Dom\u016f","item":"https:\/\/www.streetpark.eu\/cs\/"},{"@type":"ListItem","position":2,"name":"Registra\u010dn\u00ed formul\u00e1\u0159"}]},{"@type":"WebSite","@id":"https:\/\/www.streetpark.eu\/cs\/#website","url":"https:\/\/www.streetpark.eu\/cs\/","name":"M\u011bstsk\u00fd mobili\u00e1\u0159 STREETPARK","description":"STREETPARK jsou designov\u00e9 v\u00fdrobky, kter\u00e9 probud\u00ed va\u0161e city.","publisher":{"@id":"https:\/\/www.streetpark.eu\/cs\/#organization"},"potentialAction":[{"@type":"SearchAction","target":{"@type":"EntryPoint","urlTemplate":"https:\/\/www.streetpark.eu\/cs\/?s={search_term_string}"},"query-input":{"@type":"PropertyValueSpecification","valueRequired":true,"valueName":"search_term_string"}}],"inLanguage":"cs"},{"@type":"Organization","@id":"https:\/\/www.streetpark.eu\/cs\/#organization","name":"M\u011bstsk\u00fd mobili\u00e1\u0159 STREETPARK","url":"https:\/\/www.streetpark.eu\/cs\/","logo":{"@type":"ImageObject","inLanguage":"cs","@id":"https:\/\/www.streetpark.eu\/cs\/#\/schema\/logo\/image\/","url":"https:\/\/www.streetpark.eu\/wp-content\/uploads\/2022\/10\/STREETPARK_zakladni-varianta_ochr.zona.png","contentUrl":"https:\/\/www.streetpark.eu\/wp-content\/uploads\/2022\/10\/STREETPARK_zakladni-varianta_ochr.zona.png","width":1906,"height":575,"caption":"M\u011bstsk\u00fd mobili\u00e1\u0159 STREETPARK"},"image":{"@id":"https:\/\/www.streetpark.eu\/cs\/#\/schema\/logo\/image\/"},"sameAs":["https:\/\/www.facebook.com\/streetpark.eu","https:\/\/www.instagram.com\/streetpark.eu\/","https:\/\/www.linkedin.com\/company\/streetpark","https:\/\/cz.pinterest.com\/streetparkurbanfurniture\/"]}]}},"_links":{"self":[{"href":"https:\/\/www.streetpark.eu\/cs\/wp-json\/wp\/v2\/pages\/169","targetHints":{"allow":["GET"]}}],"collection":[{"href":"https:\/\/www.streetpark.eu\/cs\/wp-json\/wp\/v2\/pages"}],"about":[{"href":"https:\/\/www.streetpark.eu\/cs\/wp-json\/wp\/v2\/types\/page"}],"author":[{"embeddable":true,"href":"https:\/\/www.streetpark.eu\/cs\/wp-json\/wp\/v2\/users\/6"}],"replies":[{"embeddable":true,"href":"https:\/\/www.streetpark.eu\/cs\/wp-json\/wp\/v2\/comments?post=169"}],"version-history":[{"count":4,"href":"https:\/\/www.streetpark.eu\/cs\/wp-json\/wp\/v2\/pages\/169\/revisions"}],"predecessor-version":[{"id":6298,"href":"https:\/\/www.streetpark.eu\/cs\/wp-json\/wp\/v2\/pages\/169\/revisions\/6298"}],"wp:attachment":[{"href":"https:\/\/www.streetpark.eu\/cs\/wp-json\/wp\/v2\/media?parent=169"}],"curies":[{"name":"wp","href":"https:\/\/api.w.org\/{rel}","templated":true}]}}